{"id":94,"date":"2024-01-15T14:50:29","date_gmt":"2024-01-15T14:50:29","guid":{"rendered":"https:\/\/kampanjer.gotamedia.se\/?page_id=94"},"modified":"2024-01-19T10:24:50","modified_gmt":"2024-01-19T10:24:50","slug":"tryggt-och-sakert-hos-ahlberg-bil-vi-koper-din-begagnade-bil","status":"publish","type":"page","link":"https:\/\/kampanjer.gotamedia.se\/ahlberg-bil\/tryggt-och-sakert-hos-ahlberg-bil-vi-koper-din-begagnade-bil\/","title":{"rendered":"Tryggt och s\u00e4kert hos Ahlberg Bil: \u201dVi k\u00f6per din begagnade bil\u201d"},"content":{"rendered":"\n<p><strong>Tryggt, s\u00e4kert och smart \u2013 att l\u00e4mna in din begagnade bil n\u00e4r du k\u00f6per en nyare modell hos Ahlberg Bil ger flera f\u00f6rdelar, inte minst en p\u00e5litlig Volvogaranti. \u2013 Du f\u00e5r b\u00e5de bra betalt f\u00f6r din gamla bil och en s\u00e4ker aff\u00e4r. Just nu s\u00f6ker vi s\u00e4rskilt Volvobilar fr\u00e5n mellan 2013 och 2018, s\u00e4ger Johan Hedman, ink\u00f6psansvarig.<\/strong><\/p>\n\n\n\n<figure class=\"wp-block-image size-large\"><img loading=\"lazy\" decoding=\"async\" width=\"980\" height=\"653\" src=\"https:\/\/kampanjer.gotamedia.se\/wp-content\/uploads\/2024\/01\/Ahlberg-6-1-980x653.jpeg\" alt=\"\" class=\"wp-image-95\" srcset=\"https:\/\/kampanjer.gotamedia.se\/wp-content\/uploads\/2024\/01\/Ahlberg-6-1-980x653.jpeg 980w, https:\/\/kampanjer.gotamedia.se\/wp-content\/uploads\/2024\/01\/Ahlberg-6-1-490x327.jpeg 490w, https:\/\/kampanjer.gotamedia.se\/wp-content\/uploads\/2024\/01\/Ahlberg-6-1-768x512.jpeg 768w, https:\/\/kampanjer.gotamedia.se\/wp-content\/uploads\/2024\/01\/Ahlberg-6-1-1536x1024.jpeg 1536w, https:\/\/kampanjer.gotamedia.se\/wp-content\/uploads\/2024\/01\/Ahlberg-6-1-2048x1365.jpeg 2048w\" sizes=\"auto, (max-width: 980px) 100vw, 980px\" \/><figcaption class=\"wp-element-caption\">\u2013 Vi k\u00f6per din gamla bil f\u00f6r att du ska f\u00e5 \u00e5ka med en s\u00e4krare och nyare bil. Och du f\u00e5r bra betalt f\u00f6r din bil nu, s\u00e4ger Johan Hedman, ink\u00f6psansvarig hos Ahlberg Bil.<\/figcaption><\/figure>\n\n\n\n<p>Ahlberg Bil s\u00e4ljer b\u00e5de nya och begagnade bilar i Karlskrona, Karlshamn, Olofstr\u00f6m och Ljungby \u2013 och alla verkst\u00e4derna \u00e4r auktoriserade f\u00f6r Volvo. Det g\u00f6r att en begagnad bil fr\u00e5n Ahlberg Bil har g\u00e5tt igenom en gedigen s\u00e4kerhetskontroll och eventuella brister har \u00e5tg\u00e4rdats.<\/p>\n\n\n\n<p>D\u00e4rf\u00f6r kan bilfirman s\u00e4lja sina begagnade fordon med en garanti som \u00e4r n\u00e4stan lika bra som om det vore en nybilsaff\u00e4r.<\/p>\n\n\n\n<p>\u2013 Vi vill hj\u00e4lpa dig att uppgradera din bil \u00e4ven om du inte k\u00f6per en ny. Vi k\u00f6per din gamla bil f\u00f6r att du ska f\u00e5 \u00e5ka med en s\u00e4krare och nyare bil. Och du f\u00e5r bra betalt f\u00f6r din bil nu, begagnatpriserna ligger h\u00f6gt och det \u00e4r synd att missa ett bra tillf\u00e4lle att uppgradera sig, s\u00e4ger Johan.<\/p>\n\n\n\n<p><a href=\"https:\/\/www.ahlbergbil.se\/bilar\">H\u00e4r hittar du din nya bil<\/a><\/p>\n\n\n\n<figure class=\"wp-block-image size-large\"><img loading=\"lazy\" decoding=\"async\" width=\"980\" height=\"736\" src=\"https:\/\/kampanjer.gotamedia.se\/wp-content\/uploads\/2024\/01\/Ahlberg-6-2-980x736.jpeg\" alt=\"\" class=\"wp-image-96\" srcset=\"https:\/\/kampanjer.gotamedia.se\/wp-content\/uploads\/2024\/01\/Ahlberg-6-2-980x736.jpeg 980w, https:\/\/kampanjer.gotamedia.se\/wp-content\/uploads\/2024\/01\/Ahlberg-6-2-490x368.jpeg 490w, https:\/\/kampanjer.gotamedia.se\/wp-content\/uploads\/2024\/01\/Ahlberg-6-2-768x577.jpeg 768w, https:\/\/kampanjer.gotamedia.se\/wp-content\/uploads\/2024\/01\/Ahlberg-6-2.jpeg 1417w\" sizes=\"auto, (max-width: 980px) 100vw, 980px\" \/><figcaption class=\"wp-element-caption\">Ahlberg Bil k\u00f6per in alla bilm\u00e4rken och modeller och erbjuder nya Volvo men \u00e4ven ett stort utbud begagnade bilar i utbyte.<\/figcaption><\/figure>\n\n\n\n<p>Hos Ahlberg Bil f\u00e5r du allts\u00e5 samtidigt din gamla bil s\u00e5ld och en nyare modell med Volvogaranti samt erbjudande om helhetsl\u00f6sning inklusive f\u00f6rs\u00e4kring, serviceavtal och finansiering.<\/p>\n\n\n\n<p>\u2013 En f\u00f6rdel med oss \u00e4r att det \u00e4r tryggt och s\u00e4kert. Det blir inget strul med bilaff\u00e4ren. Vi \u00e4r en stabil och lokal firma, vi finns alltid h\u00e4r. Uppst\u00e5r det n\u00e5got bekymmer \u00e4r vi i n\u00e4rheten och erbjuder alla former av service.<\/p>\n\n\n\n<p>Ahlberg Bil k\u00f6per in alla bilm\u00e4rken och modeller och erbjuder nya Volvo men \u00e4ven ett stort utbud begagnade bilar i utbyte.<\/p>\n\n\n\n<p>\u2013 Vi vill att s\u00e5 m\u00e5nga som m\u00f6jligt ska k\u00f6ra Volvo f\u00f6r att skapa ett tryggare och roligare bil\u00e4gande.<\/p>\n\n\n\n<p>Hos Ahlberg Bil \u00e4r det vanligt att kunden g\u00f6r en resa i sitt bil\u00e4gande; byter in en Volvo fr\u00e5n 2013 och h\u00e4mtar ut en fr\u00e5n 2018, d\u00e4refter byter in 2018 \u00e5rs modell och h\u00e4mtar ut en fr\u00e5n 2022.<\/p>\n\n\n\n<p>\u2013 Och numera f\u00e5r du bra betalt n\u00e4r du byter bil, s\u00e5 det \u00e4r en bra id\u00e9 att byta lite oftare och g\u00e5 upp n\u00e5gon \u00e5rsmodell varje g\u00e5ng.<\/p>\n\n\n<div class=\"wp-block-nativblock-qoute\">\n  <div class=\"qoute-wrapper\">\n    <h2>\u201dV\u00e4ljer du till exempel helhetsl\u00f6sningen hos oss f\u00e5r du fina rabatter\u201d<\/h2>\n  <\/div>\n<\/div>\n\n\n<p>Alla begagnade bilar g\u00e5r igenom ett gediget test, f\u00f6r att veta att bilen \u00e4r s\u00e4ker och k\u00f6paren ska slippa obehagliga \u00f6verraskningar. Begagnatgarantin som bilen d\u00e4refter f\u00e5r \u00e4r en av de mest gener\u00f6sa p\u00e5 marknaden. Till exempel \u00e4r&nbsp;<a href=\"https:\/\/www.ahlbergbil.se\/bilar\/begagnade-bilar\/volvo-selekt\">Volvo Selekt&nbsp;<\/a>begagnade bilar med f\u00f6rl\u00e4ngd garanti som alltid levereras med&nbsp;<a href=\"https:\/\/www.ahlbergbil.se\/aga-bil\/assistans\">Volvo Assistans.&nbsp;<\/a>\u00c4r bilen utrustad med Volvo on Call ing\u00e5r dessutom ett abonnemang p\u00e5 24 m\u00e5nader.<\/p>\n\n\n\n<p>\u2013 Bilhandlare som inte \u00e4r auktoriserade kan inte l\u00e4mna s\u00e5dana garantier som vi kan, eftersom de inte har den typen av verktyg och utrustning som kr\u00e4vs. Vi testar bilarna med Volvos egna datorer, vi vet att bilarna \u00e4r s\u00e4kra.<\/p>\n\n\n\n<p>Om bilen servats av en Volvoverkstad hela livstiden, f\u00f6rl\u00e4ngs maskinskadegarantin dessutom fr\u00e5n 17 000 mil till 20 000 mil.<\/p>\n\n\n\n<p>\u2013 F\u00f6rs\u00e4kring \u00e4r lite tr\u00e5kigt att prata om, men oerh\u00f6rt viktigt. Du ska vara trygg n\u00e4r en olycka h\u00e4nder. Vi hj\u00e4lper till med de finansiella l\u00f6sningarna ocks\u00e5 och ser till att du f\u00e5r den ekonomiskt smartaste l\u00f6sningen. V\u00e4ljer du till exempel helhetsl\u00f6sningen hos oss f\u00e5r du fina rabatter p\u00e5 till exempel f\u00f6rs\u00e4kringen.<\/p>\n\n\n\n<p><a href=\"https:\/\/www.ahlbergbil.se\/bilar\/begagnade-bilar\">H\u00e4r hittar allt du beh\u00f6ver veta om begagnade bilar<\/a><\/p>\n\n\n\n<figure class=\"wp-block-image size-large\"><img loading=\"lazy\" decoding=\"async\" width=\"980\" height=\"653\" src=\"https:\/\/kampanjer.gotamedia.se\/wp-content\/uploads\/2024\/01\/Ahlberg-6-3-980x653.jpeg\" alt=\"\" class=\"wp-image-97\" srcset=\"https:\/\/kampanjer.gotamedia.se\/wp-content\/uploads\/2024\/01\/Ahlberg-6-3-980x653.jpeg 980w, https:\/\/kampanjer.gotamedia.se\/wp-content\/uploads\/2024\/01\/Ahlberg-6-3-490x327.jpeg 490w, https:\/\/kampanjer.gotamedia.se\/wp-content\/uploads\/2024\/01\/Ahlberg-6-3-768x512.jpeg 768w, https:\/\/kampanjer.gotamedia.se\/wp-content\/uploads\/2024\/01\/Ahlberg-6-3-1536x1024.jpeg 1536w, https:\/\/kampanjer.gotamedia.se\/wp-content\/uploads\/2024\/01\/Ahlberg-6-3-2048x1365.jpeg 2048w\" sizes=\"auto, (max-width: 980px) 100vw, 980px\" \/><figcaption class=\"wp-element-caption\">Valet av bensindrivet, diesel, laddhybrid eller el \u00e4r vanliga funderingar n\u00e4r kunderna g\u00e5r i k\u00f6ptankar, ber\u00e4ttar Johan.<\/figcaption><\/figure>\n\n\n\n<p>\u2013 Det b\u00e4sta \u00e4r att komma hit och st\u00e4lla fr\u00e5gor, alla funderingar du har kan s\u00e4ljarna svara p\u00e5. De \u00e4r ju experter p\u00e5 just Volvo. Ofta kan v\u00e5ra s\u00e4ljare hitta l\u00f6sningar som kunden inte sj\u00e4lv t\u00e4nkt p\u00e5, som sparar rej\u00e4lt med pengar, s\u00e4rskilt \u00f6ver tid.<\/p>\n\n\n\n<p>En annan f\u00f6rdel med att k\u00f6pa bilen hos Ahlberg Bil \u00e4r att alla nya, smarta bilfunktioner och tillbeh\u00f6r ing\u00e5r.<\/p>\n\n\n\n<p>\u2013 Vi ser till att koppla upp alla funktioner \u00e5t kunden. Det finns appar till telefonen d\u00e4r du kan styra v\u00e4rmen i bilen p\u00e5 distans, l\u00e5sa fordonet, kolla laddniv\u00e5erna och mycket mer. Allt detta kan vi hj\u00e4lpa kunden med, men det kan inte \u00e5terf\u00f6rs\u00e4ljare som inte \u00e4r auktoriserade.<\/p>\n\n\n<div class=\"wp-block-nativblock-qoute\">\n  <div class=\"qoute-wrapper\">\n    <h2>\u201dVi \u00e4r en stabil och lokal firma, vi finns alltid h\u00e4r.\u201d<\/h2>\n  <\/div>\n<\/div>\n\n\n<p>Hos Ahlberg Bil finns ingen kundmottagning utan du tr\u00e4ffar du din s\u00e4ljare direkt och har \u00e4ven din personliga servicetekniker.<\/p>\n\n\n\n<p>\u2013 Serviceteknikern l\u00e4r k\u00e4nna dig som kund och kan din bil, eftersom det \u00e4r han som servat den f\u00f6re ditt k\u00f6p och sedan forts\u00e4tter han med det under ditt \u00e4gande. Blir det n\u00e5got problem, ringer du helt enkelt till honom, s\u00e4ger Johan.<\/p>\n\n\n\n<p>Ahlberg Bil \u00e4r en lokal akt\u00f6r som ocks\u00e5 gynnar det lokala.<\/p>\n\n\n\n<p>\u2013 Vi som f\u00f6retag vill ge tillbaka till samh\u00e4llet och det g\u00f6r vi s\u00e5 mycket vi bara kan. Handlar du av oss, sponsrar \u00e4ven du idrottsf\u00f6reningar och kulturlivet h\u00e4r, vi hj\u00e4lper lokalsamh\u00e4llet tillsammans. Ju fler som k\u00f6per sin bil av oss, desto mer kan vi ge tillbaka till n\u00e4romr\u00e5det.<\/p>\n\n\n\n<p><a href=\"https:\/\/www.ahlbergbil.se\/\">L\u00e4s mer om Ahlberg Bil h\u00e4r<\/a><\/p>\n\n\n<div class=\"wp-block-nativblock-relevantarticals\">\n  <h2>L\u00e4s fler artiklar<\/h2>\n  <div class=\"articals_wrapper\">\n          <div class=\"feature_articals\">\n        <div class=\"feature_articals_img_wrapper\">\n          <img decoding=\"async\" src=\"https:\/\/kampanjer.gotamedia.se\/wp-content\/uploads\/2024\/01\/Ahlberg5-1.jpeg\" alt=\"\"\/>\n        <\/div>\n        <div class=\"feature_articals_content\">\n          <h3>\u201dJag gillar den personliga servicen p\u00e5 Ahlberg Bil\u201d<\/h3>\n          <p>N\u00e4r Stig \u201dLillen\u201d Petersson f\u00f6r 30 \u00e5r sedan klev in hos Volvohandlaren i Karlskrona fick han l\u00e5na en bil. Alltsedan dess \u00e4r han kund hos Ahlberg Bil.\u2013 Styrkan \u00e4r att det alltid \u00e4r samma s\u00e4ljare och servicetekniker man m\u00f6ter. Det ger en trygghet. Han har drivit en av de st\u00f6rre sportbutikerna i Karlskrona i 40 [&hellip;]<\/p>\n          <a href=\"https:\/\/kampanjer.gotamedia.se\/ahlberg-bil\/jag-gillar-den-personliga-servicen-pa-ahlberg-bil\/\" class=\"feature_articals_link\">L\u00e4s mer h\u00e4r<\/a>\n        <\/div>\n      <\/div>\n          <div class=\"feature_articals\">\n        <div class=\"feature_articals_img_wrapper\">\n          <img decoding=\"async\" src=\"https:\/\/kampanjer.gotamedia.se\/wp-content\/uploads\/2024\/01\/Ahlberg-bil-3-1.jpeg\" alt=\"\"\/>\n        <\/div>\n        <div class=\"feature_articals_content\">\n          <h3>S\u00e5 minimerar bilfirman CO2-avtrycket: \u201dV\u00e5ra kunder kan vara trygga med att vi tar milj\u00f6arbetet p\u00e5 allvar\u201d<\/h3>\n          <p>Milj\u00f6m\u00e5len \u00e4r tydliga och ambitionsniv\u00e5n h\u00f6g. F\u00f6r en av Blekinges st\u00f6rsta bilkoncerner handlar det om att bli s\u00e5 klimatneutral som m\u00f6jligt. Minimera koldioxidavtrycket, steg f\u00f6r steg, och att g\u00f6ra skillnad p\u00e5 riktigt. Ahlberg Bil erbjuder sina kunder milj\u00f6bilar med den senaste tekniken fr\u00e5n Volvo. Nyligen lanserade man nya elbilsm\u00e4rket Maxus. Men det viktigaste \u00e4r att [&hellip;]<\/p>\n          <a href=\"https:\/\/kampanjer.gotamedia.se\/ahlberg-bil\/sa-minimerar-bilfirman-co2-avtrycket-vara-kunder-kan-vara-trygga-med-att-vi-tar-miljoarbetet-pa-allvar\/\" class=\"feature_articals_link\">L\u00e4s mer h\u00e4r<\/a>\n        <\/div>\n      <\/div>\n          <div class=\"feature_articals\">\n        <div class=\"feature_articals_img_wrapper\">\n          <img decoding=\"async\" src=\"https:\/\/kampanjer.gotamedia.se\/wp-content\/uploads\/2024\/01\/ahlberg-bil-2-2.jpeg\" alt=\"\"\/>\n        <\/div>\n        <div class=\"feature_articals_content\">\n          <h3>Tryggt och s\u00e4kert hos Ahlberg Bil: K\u00f6pl\u00e4ge f\u00f6r begagnade bilar i sommar<\/h3>\n          <p>Nu \u00e4r det k\u00f6pl\u00e4ge f\u00f6r dig som letar efter en riktigt bra begagnad bil. Priserna har d\u00e4mpats och det finns gott om bilar i nyskick hos Blekinges st\u00f6rsta bilhandlare \u2013 Ahlberg Bil. \u2013 Priserna ligger p\u00e5 en rimligare niv\u00e5 \u00e4n f\u00f6rra sommaren d\u00e5 pandemin fortfarande m\u00e4rktes. Vi har ett stort utbud av begagnade bilar, s\u00e4ger [&hellip;]<\/p>\n          <a href=\"https:\/\/kampanjer.gotamedia.se\/ahlberg-bil\/tryggt-och-sakert-hos-ahlberg-bil-koplage-for-begagnade-bilar-i-sommar\/\" class=\"feature_articals_link\">L\u00e4s mer h\u00e4r<\/a>\n        <\/div>\n      <\/div>\n          <div class=\"feature_articals\">\n        <div class=\"feature_articals_img_wrapper\">\n          <img decoding=\"async\" src=\"https:\/\/kampanjer.gotamedia.se\/wp-content\/uploads\/2024\/01\/Ahlber-4-1.jpeg\" alt=\"\"\/>\n        <\/div>\n        <div class=\"feature_articals_content\">\n          <h3>Hos Ahlberg Bil f\u00e5r du billig m\u00e4rkesservice extra allt<\/h3>\n          <p>Det kostar skjortan att serva bilen p\u00e5 en m\u00e4rkesverkstad. Det tror m\u00e5nga. Men \u00e4r du lycklig \u00e4gare till en Volvo, som \u00e4r sex \u00e5r gammal eller mer, \u00e4r det precis tv\u00e4rtom. Hos Ahlberg Bil \u00e4r priserna f\u00f6r service av \u00e4ldre bilar pressade utan att verkstaden tummar p\u00e5 kvaliteten. Serviceuppl\u00e4gget f\u00f6r Volvobilar som \u00e4r \u00e4ldre \u00e4n [&hellip;]<\/p>\n          <a href=\"https:\/\/kampanjer.gotamedia.se\/ahlberg-bil\/hos-ahlberg-bil-far-du-billig-markesservice-extra-allt\/\" class=\"feature_articals_link\">L\u00e4s mer h\u00e4r<\/a>\n        <\/div>\n      <\/div>\n          <div class=\"feature_articals\">\n        <div class=\"feature_articals_img_wrapper\">\n          <img decoding=\"async\" src=\"https:\/\/kampanjer.gotamedia.se\/wp-content\/uploads\/2024\/01\/Ahlberg1.jpeg\" alt=\"\"\/>\n        <\/div>\n        <div class=\"feature_articals_content\">\n          <h3>Ahlberg Bil lanserar nytt prisv\u00e4rt elbilsm\u00e4rke i Blekinge<\/h3>\n          <p>Det h\u00e4nder mycket p\u00e5 elbilsfronten just nu. Ahlberg Bil \u00e4r inget undantag. Den familje\u00e4gda bilkoncernen \u00e4r en stark bilakt\u00f6r i Blekinge och nu lanserar man nya m\u00e4rket Maxus och deras helelektriska transportbilar. Ahlberg Bil i Karlshamn, Karlskrona, Ljungby, Olofstr\u00f6m och S\u00f6lvesborg har l\u00e4nge varit synonymt med Volvo med fokus p\u00e5 personbilar. Men man har saknat [&hellip;]<\/p>\n          <a href=\"https:\/\/kampanjer.gotamedia.se\/ahlberg-bil\/ahlberg-bil-lanserar-nytt-prisvart-elbilsmarke-i-blekinge\/\" class=\"feature_articals_link\">L\u00e4s mer h\u00e4r<\/a>\n        <\/div>\n      <\/div>\n      <\/div>\n<\/div>","protected":false},"excerpt":{"rendered":"<p>Tryggt, s\u00e4kert och smart \u2013 att l\u00e4mna in din begagnade bil n\u00e4r du k\u00f6per en nyare modell hos Ahlberg Bil ger flera f\u00f6rdelar, inte minst en p\u00e5litlig Volvogaranti. \u2013 Du f\u00e5r b\u00e5de bra betalt f\u00f6r din gamla bil och en s\u00e4ker aff\u00e4r. Just nu s\u00f6ker vi s\u00e4rskilt Volvobilar fr\u00e5n mellan 2013 och 2018, s\u00e4ger Johan [&hellip;]<\/p>\n","protected":false},"author":4,"featured_media":95,"parent":62,"menu_order":0,"comment_status":"closed","ping_status":"closed","template":"","meta":{"_monsterinsights_skip_tracking":false,"_monsterinsights_sitenote_active":false,"_monsterinsights_sitenote_note":"","_monsterinsights_sitenote_category":0,"footnotes":""},"class_list":["post-94","page","type-page","status-publish","has-post-thumbnail","hentry"],"acf":[],"_links":{"self":[{"href":"https:\/\/kampanjer.gotamedia.se\/index.php\/wp-json\/wp\/v2\/pages\/94","targetHints":{"allow":["GET"]}}],"collection":[{"href":"https:\/\/kampanjer.gotamedia.se\/index.php\/wp-json\/wp\/v2\/pages"}],"about":[{"href":"https:\/\/kampanjer.gotamedia.se\/index.php\/wp-json\/wp\/v2\/types\/page"}],"author":[{"embeddable":true,"href":"https:\/\/kampanjer.gotamedia.se\/index.php\/wp-json\/wp\/v2\/users\/4"}],"replies":[{"embeddable":true,"href":"https:\/\/kampanjer.gotamedia.se\/index.php\/wp-json\/wp\/v2\/comments?post=94"}],"version-history":[{"count":0,"href":"https:\/\/kampanjer.gotamedia.se\/index.php\/wp-json\/wp\/v2\/pages\/94\/revisions"}],"up":[{"embeddable":true,"href":"https:\/\/kampanjer.gotamedia.se\/index.php\/wp-json\/wp\/v2\/pages\/62"}],"wp:featuredmedia":[{"embeddable":true,"href":"https:\/\/kampanjer.gotamedia.se\/index.php\/wp-json\/wp\/v2\/media\/95"}],"wp:attachment":[{"href":"https:\/\/kampanjer.gotamedia.se\/index.php\/wp-json\/wp\/v2\/media?parent=94"}],"curies":[{"name":"wp","href":"https:\/\/api.w.org\/{rel}","templated":true}]}}