{"id":78,"date":"2024-01-12T15:46:55","date_gmt":"2024-01-12T15:46:55","guid":{"rendered":"https:\/\/kampanjer.gotamedia.se\/?page_id=78"},"modified":"2024-01-12T15:46:55","modified_gmt":"2024-01-12T15:46:55","slug":"hos-ahlberg-bil-far-du-billig-markesservice-extra-allt","status":"publish","type":"page","link":"https:\/\/kampanjer.gotamedia.se\/ahlberg-bil\/hos-ahlberg-bil-far-du-billig-markesservice-extra-allt\/","title":{"rendered":"Hos Ahlberg Bil f\u00e5r du billig m\u00e4rkesservice extra allt"},"content":{"rendered":"\n<p><strong>Det kostar skjortan att serva bilen p\u00e5 en m\u00e4rkesverkstad. Det tror m\u00e5nga. Men \u00e4r du lycklig \u00e4gare till en Volvo, som \u00e4r sex \u00e5r gammal eller mer, \u00e4r det precis tv\u00e4rtom. Hos Ahlberg Bil \u00e4r priserna f\u00f6r service av \u00e4ldre bilar pressade utan att verkstaden tummar p\u00e5 kvaliteten.<\/strong><\/p>\n\n\n\n<figure class=\"wp-block-image size-large\"><img loading=\"lazy\" decoding=\"async\" width=\"980\" height=\"735\" src=\"https:\/\/kampanjer.gotamedia.se\/wp-content\/uploads\/2024\/01\/Ahlber-4-1-980x735.jpeg\" alt=\"\" class=\"wp-image-79\" srcset=\"https:\/\/kampanjer.gotamedia.se\/wp-content\/uploads\/2024\/01\/Ahlber-4-1-980x735.jpeg 980w, https:\/\/kampanjer.gotamedia.se\/wp-content\/uploads\/2024\/01\/Ahlber-4-1-490x368.jpeg 490w, https:\/\/kampanjer.gotamedia.se\/wp-content\/uploads\/2024\/01\/Ahlber-4-1-768x576.jpeg 768w, https:\/\/kampanjer.gotamedia.se\/wp-content\/uploads\/2024\/01\/Ahlber-4-1-1536x1152.jpeg 1536w, https:\/\/kampanjer.gotamedia.se\/wp-content\/uploads\/2024\/01\/Ahlber-4-1.jpeg 1600w\" sizes=\"auto, (max-width: 980px) 100vw, 980px\" \/><figcaption class=\"wp-element-caption\">\u2013 Att serva bilen hos oss \u00e4r inte s\u00e5 dyrt som m\u00e5nga tror. Tv\u00e4rtom vi har pressat priser p\u00e5 Volvo Originalservice Classic f\u00f6r bilar som \u00e4r \u00e4ldre \u00e4n sex \u00e5r, s\u00e4ger Felizia S\u00f6derstr\u00f6m, personlig servicetekniker hos Ahlberg Bil.<\/figcaption><\/figure>\n\n\n\n<p>Serviceuppl\u00e4gget f\u00f6r Volvobilar som \u00e4r \u00e4ldre \u00e4n sex \u00e5r heter&nbsp;<a href=\"https:\/\/www.ahlbergbil.se\/serviceverkstad\/volvo-originalservice\/volvo-originalservice-classic\">Volvo Originalservice Classic.<\/a>&nbsp;Det \u00e4r ett ovanligt prisv\u00e4rt erbjudande som ger samma fina service som vanligt. Din personliga servicetekniker hj\u00e4lper dig hela v\u00e4gen fr\u00e5n att du bokar tid tills du h\u00e4mtar bilen.<\/p>\n\n\n\n<p>\u2013 Servicen har m\u00e5nga f\u00f6rdelar till ett f\u00f6rm\u00e5nligt pris. Du f\u00e5r bland annat en omfattande kontroll av bilen, servicegaranti, st\u00e4mpel i serviceboken och f\u00f6rl\u00e4ngd v\u00e4gassistans. Det \u00e4r en originalservice med h\u00f6g kvalitet med samma trygghet som du \u00e4r van vid, fast till ett b\u00e4ttre pris, s\u00e4ger Lennie Th\u00f6rn, servicekoordinator hos Ahlberg Bil.<\/p>\n\n\n\n<p>\u2013 Vi fokuserar p\u00e5 att hitta s\u00e5dant som \u00e4ldre bilar kan b\u00f6rja f\u00e5 problem med. Vi har helt enkelt anpassat servicen efter bilar som \u00e4r lite \u00e4ldre. Vi \u00e4r specialister p\u00e5 Volvo och vet vad som slits med tiden.<\/p>\n\n\n\n<p><a href=\"https:\/\/www.ahlbergbil.se\/\">L\u00e4s mer om din Volvo\u00e5terf\u00f6rs\u00e4ljare h\u00e4r<\/a><\/p>\n\n\n\n<figure class=\"wp-block-image size-large\"><img loading=\"lazy\" decoding=\"async\" width=\"980\" height=\"653\" src=\"https:\/\/kampanjer.gotamedia.se\/wp-content\/uploads\/2024\/01\/Ahlbergbil-4-2-980x653.jpeg\" alt=\"\" class=\"wp-image-80\" srcset=\"https:\/\/kampanjer.gotamedia.se\/wp-content\/uploads\/2024\/01\/Ahlbergbil-4-2-980x653.jpeg 980w, https:\/\/kampanjer.gotamedia.se\/wp-content\/uploads\/2024\/01\/Ahlbergbil-4-2-490x326.jpeg 490w, https:\/\/kampanjer.gotamedia.se\/wp-content\/uploads\/2024\/01\/Ahlbergbil-4-2-768x512.jpeg 768w, https:\/\/kampanjer.gotamedia.se\/wp-content\/uploads\/2024\/01\/Ahlbergbil-4-2-1536x1023.jpeg 1536w, https:\/\/kampanjer.gotamedia.se\/wp-content\/uploads\/2024\/01\/Ahlbergbil-4-2.jpeg 1600w\" sizes=\"auto, (max-width: 980px) 100vw, 980px\" \/><figcaption class=\"wp-element-caption\">I Volvo Originalservice Classic ing\u00e5r \u00e4ven tolv m\u00e5naders servicegaranti.<\/figcaption><\/figure>\n\n\n\n<p><\/p>\n\n\n\n<p>Lennie Th\u00f6rn p\u00e5 Ahlberg Bil har l\u00e5ng erfarenhet inom service och reparation och menar att en del Volvokunder inte k\u00e4nner till alla f\u00f6rdelarna med att forts\u00e4tta serva bilen hos dem.<\/p>\n\n\n\n<p>\u2013 I Volvo Originalservice Classic ing\u00e5r \u00e4ven tolv m\u00e5naders servicegaranti. Skulle du mot f\u00f6rmodan uppt\u00e4cka fel som vi borde har sett vid servicen s\u00e5 g\u00e4ller garantin i tolv m\u00e5nader, s\u00e4ger han.<\/p>\n\n\n\n<p>Lennie sl\u00e5r \u00e4ven ett slag f\u00f6r v\u00e4gassistansf\u00f6rs\u00e4kringen som ing\u00e5r utan kostnad n\u00e4r du servar din bil hos Ahlberg Bil och andra Volvoverkst\u00e4der. Den g\u00e4ller f\u00f6r Volvobilar upp till de blir 10 \u00e5r.<\/p>\n\n\n\n<p>\u2013 Skulle det h\u00e4nda n\u00e5got. Punktering eller annat som g\u00e5r s\u00f6nder n\u00e4r du \u00e4r p\u00e5 v\u00e4g, d\u00e5 tr\u00e4der v\u00e5r v\u00e4gassistansf\u00f6rs\u00e4kring in och du f\u00e5r hj\u00e4lp utan extra kostnad. Du slipper teckna en separat f\u00f6rs\u00e4kring.<\/p>\n\n\n\n<figure class=\"wp-block-image size-large\"><img loading=\"lazy\" decoding=\"async\" width=\"980\" height=\"735\" src=\"https:\/\/kampanjer.gotamedia.se\/wp-content\/uploads\/2024\/01\/Ahlbergbil-4-3-980x735.jpeg\" alt=\"\" class=\"wp-image-81\" srcset=\"https:\/\/kampanjer.gotamedia.se\/wp-content\/uploads\/2024\/01\/Ahlbergbil-4-3-980x735.jpeg 980w, https:\/\/kampanjer.gotamedia.se\/wp-content\/uploads\/2024\/01\/Ahlbergbil-4-3-490x368.jpeg 490w, https:\/\/kampanjer.gotamedia.se\/wp-content\/uploads\/2024\/01\/Ahlbergbil-4-3-768x576.jpeg 768w, https:\/\/kampanjer.gotamedia.se\/wp-content\/uploads\/2024\/01\/Ahlbergbil-4-3-1536x1152.jpeg 1536w, https:\/\/kampanjer.gotamedia.se\/wp-content\/uploads\/2024\/01\/Ahlbergbil-4-3.jpeg 1600w\" sizes=\"auto, (max-width: 980px) 100vw, 980px\" \/><figcaption class=\"wp-element-caption\">\u2013 Har du l\u00e4mnat din Volvo p\u00e5 service hos oss s\u00e5 kan du vara trygg med att din personliga servicetekniker kan din bil ut- och innantill, s\u00e4ger Felizia S\u00f6derstr\u00f6m hos Ahlberg Bil.<\/figcaption><\/figure>\n\n\n<div class=\"wp-block-nativblock-qoute\">\n  <div class=\"qoute-wrapper\">\n    <h2>\u201dVolvo Originalservice Classic kostar fr\u00e5n 1 695 kronor beroende p\u00e5 bilens \u00e5lder och modell.\u201d<\/h2>\n  <\/div>\n<\/div>\n\n\n<p>\u00c4nnu en f\u00f6rdel med att reparera bilen hos Ahlberg Bil \u00e4r Volvos reservdelsgaranti.<\/p>\n\n\n\n<p>\u2013 Har du lagat din bil hos oss med originaldelar fr\u00e5n Volvo, d\u00e5 \u00e4r det livstidsgaranti f\u00f6r utom p\u00e5 slitagedelar. Skulle samma sak g\u00e5 s\u00f6nder igen, d\u00e5 byter vi utan kostnad. Garantin g\u00e4ller s\u00e5 l\u00e4nge du \u00e4ger bilen, inte vid \u00e4garbyte.<\/p>\n\n\n\n<p>Att serva bilen enligt Volvo Originalservice Classic kostar fr\u00e5n 1 695 kronor beroende p\u00e5 bilens \u00e5lder och modell. M\u00e5nga Volvo\u00e4gare sk\u00f6ter bilens ekonomi med CarPay, en praktisk betaltj\u00e4nst som ger bonus, rabatter, erbjudanden och \u00e4ven m\u00f6jlighet att delbetala verkstadsbes\u00f6ket r\u00e4ntefritt.<\/p>\n\n\n\n<p><a href=\"https:\/\/www.carpay.se\/\">L\u00e4s mer om alla f\u00f6rdelar med CarPay.<\/a><\/p>\n\n\n\n<p>Ahlberg Bil \u00e4r auktoriserade \u00e5terf\u00f6rs\u00e4ljare f\u00f6r bland annat Volvo och har totalt fem anl\u00e4ggningar med verkstad i Blekinge och Sm\u00e5land. Har du l\u00e4mnat din Volvo p\u00e5 service s\u00e5 kan du vara trygg med att din personliga servicetekniker kan din bil ut- och innantill.<\/p>\n\n\n\n<p>Felizia S\u00f6derstr\u00f6m, 23 \u00e5r, jobbar som personlig servicetekniker i S\u00f6lvesborg. Hon har alltid varit intresserad av bilar och stortrivs i sin nya roll. Det \u00e4r ett varierat och utvecklande arbete.<\/p>\n\n\n\n<p>\u2013 Det \u00e4r nya utmaningar varje dag. Vi sysslar inte bara med service, reparation och fels\u00f6kning utan h\u00e5ller i kundkontakten och tar hand om bokningar. Kunden slipper ber\u00e4tta samma sak f\u00f6r flera personer och jag l\u00e4r k\u00e4nna b\u00e5de bilen och kunden ordentligt, s\u00e4ger Felizia som inte \u00e5ngrar att hon valde att l\u00e4sa till bilmekaniker efter n\u00e5gra \u00e5r inom v\u00e5rden.<\/p>\n\n\n\n<p>Som ny servicetekniker har hon bra st\u00f6d av sina mer rutinerade kollegor i verkstaden.<\/p>\n\n\n\n<p>\u2013 Det \u00e4r en bra arbetsplats. Alla hj\u00e4lps \u00e5t och tipsar varandra n\u00e4r de st\u00f6ter p\u00e5 n\u00e5got som \u00e4r extra klurigt. Ja, det h\u00e4r jobbet passar mig verkligen. Jag har l\u00e4tt att fokusera och vill alltid att det jag g\u00f6r ska bli r\u00e4tt.<\/p>\n\n\n<div class=\"wp-block-nativblock-relevantarticals\">\n  <h2>L\u00e4s mer artiklar<\/h2>\n  <div class=\"articals_wrapper\">\n          <div class=\"feature_articals\">\n        <div class=\"feature_articals_img_wrapper\">\n          <img decoding=\"async\" src=\"https:\/\/kampanjer.gotamedia.se\/wp-content\/uploads\/2024\/01\/Ahlberg-bil-3-1.jpeg\" alt=\"\"\/>\n        <\/div>\n        <div class=\"feature_articals_content\">\n          <h3>S\u00e5 minimerar bilfirman CO2-avtrycket: \u201dV\u00e5ra kunder kan vara trygga med att vi tar milj\u00f6arbetet p\u00e5 allvar\u201d<\/h3>\n          <p>Milj\u00f6m\u00e5len \u00e4r tydliga och ambitionsniv\u00e5n h\u00f6g. F\u00f6r en av Blekinges st\u00f6rsta bilkoncerner handlar det om att bli s\u00e5 klimatneutral som m\u00f6jligt. Minimera koldioxidavtrycket, steg f\u00f6r steg, och att g\u00f6ra skillnad p\u00e5 riktigt. Ahlberg Bil erbjuder sina kunder milj\u00f6bilar med den senaste tekniken fr\u00e5n Volvo. Nyligen lanserade man nya elbilsm\u00e4rket Maxus. Men det viktigaste \u00e4r att [&hellip;]<\/p>\n          <a href=\"https:\/\/kampanjer.gotamedia.se\/ahlberg-bil\/sa-minimerar-bilfirman-co2-avtrycket-vara-kunder-kan-vara-trygga-med-att-vi-tar-miljoarbetet-pa-allvar\/\" class=\"feature_articals_link\">L\u00e4s mer h\u00e4r<\/a>\n        <\/div>\n      <\/div>\n          <div class=\"feature_articals\">\n        <div class=\"feature_articals_img_wrapper\">\n          <img decoding=\"async\" src=\"https:\/\/kampanjer.gotamedia.se\/wp-content\/uploads\/2024\/01\/Ahlberg1.jpeg\" alt=\"\"\/>\n        <\/div>\n        <div class=\"feature_articals_content\">\n          <h3>Ahlberg Bil lanserar nytt prisv\u00e4rt elbilsm\u00e4rke i Blekinge<\/h3>\n          <p>Det h\u00e4nder mycket p\u00e5 elbilsfronten just nu. Ahlberg Bil \u00e4r inget undantag. Den familje\u00e4gda bilkoncernen \u00e4r en stark bilakt\u00f6r i Blekinge och nu lanserar man nya m\u00e4rket Maxus och deras helelektriska transportbilar. Ahlberg Bil i Karlshamn, Karlskrona, Ljungby, Olofstr\u00f6m och S\u00f6lvesborg har l\u00e4nge varit synonymt med Volvo med fokus p\u00e5 personbilar. Men man har saknat [&hellip;]<\/p>\n          <a href=\"https:\/\/kampanjer.gotamedia.se\/ahlberg-bil\/ahlberg-bil-lanserar-nytt-prisvart-elbilsmarke-i-blekinge\/\" class=\"feature_articals_link\">L\u00e4s mer h\u00e4r<\/a>\n        <\/div>\n      <\/div>\n          <div class=\"feature_articals\">\n        <div class=\"feature_articals_img_wrapper\">\n          <img decoding=\"async\" src=\"https:\/\/kampanjer.gotamedia.se\/wp-content\/uploads\/2024\/01\/ahlberg-bil-2-2.jpeg\" alt=\"\"\/>\n        <\/div>\n        <div class=\"feature_articals_content\">\n          <h3>Tryggt och s\u00e4kert hos Ahlberg Bil: K\u00f6pl\u00e4ge f\u00f6r begagnade bilar i sommar<\/h3>\n          <p>Nu \u00e4r det k\u00f6pl\u00e4ge f\u00f6r dig som letar efter en riktigt bra begagnad bil. Priserna har d\u00e4mpats och det finns gott om bilar i nyskick hos Blekinges st\u00f6rsta bilhandlare \u2013 Ahlberg Bil. \u2013 Priserna ligger p\u00e5 en rimligare niv\u00e5 \u00e4n f\u00f6rra sommaren d\u00e5 pandemin fortfarande m\u00e4rktes. Vi har ett stort utbud av begagnade bilar, s\u00e4ger [&hellip;]<\/p>\n          <a href=\"https:\/\/kampanjer.gotamedia.se\/ahlberg-bil\/tryggt-och-sakert-hos-ahlberg-bil-koplage-for-begagnade-bilar-i-sommar\/\" class=\"feature_articals_link\">L\u00e4s mer h\u00e4r<\/a>\n        <\/div>\n      <\/div>\n      <\/div>\n<\/div>","protected":false},"excerpt":{"rendered":"<p>Det kostar skjortan att serva bilen p\u00e5 en m\u00e4rkesverkstad. Det tror m\u00e5nga. Men \u00e4r du lycklig \u00e4gare till en Volvo, som \u00e4r sex \u00e5r gammal eller mer, \u00e4r det precis tv\u00e4rtom. Hos Ahlberg Bil \u00e4r priserna f\u00f6r service av \u00e4ldre bilar pressade utan att verkstaden tummar p\u00e5 kvaliteten. Serviceuppl\u00e4gget f\u00f6r Volvobilar som \u00e4r \u00e4ldre \u00e4n [&hellip;]<\/p>\n","protected":false},"author":4,"featured_media":79,"parent":62,"menu_order":0,"comment_status":"closed","ping_status":"closed","template":"","meta":{"_monsterinsights_skip_tracking":false,"_monsterinsights_sitenote_active":false,"_monsterinsights_sitenote_note":"","_monsterinsights_sitenote_category":0,"footnotes":""},"class_list":["post-78","page","type-page","status-publish","has-post-thumbnail","hentry"],"acf":[],"_links":{"self":[{"href":"https:\/\/kampanjer.gotamedia.se\/index.php\/wp-json\/wp\/v2\/pages\/78","targetHints":{"allow":["GET"]}}],"collection":[{"href":"https:\/\/kampanjer.gotamedia.se\/index.php\/wp-json\/wp\/v2\/pages"}],"about":[{"href":"https:\/\/kampanjer.gotamedia.se\/index.php\/wp-json\/wp\/v2\/types\/page"}],"author":[{"embeddable":true,"href":"https:\/\/kampanjer.gotamedia.se\/index.php\/wp-json\/wp\/v2\/users\/4"}],"replies":[{"embeddable":true,"href":"https:\/\/kampanjer.gotamedia.se\/index.php\/wp-json\/wp\/v2\/comments?post=78"}],"version-history":[{"count":0,"href":"https:\/\/kampanjer.gotamedia.se\/index.php\/wp-json\/wp\/v2\/pages\/78\/revisions"}],"up":[{"embeddable":true,"href":"https:\/\/kampanjer.gotamedia.se\/index.php\/wp-json\/wp\/v2\/pages\/62"}],"wp:featuredmedia":[{"embeddable":true,"href":"https:\/\/kampanjer.gotamedia.se\/index.php\/wp-json\/wp\/v2\/media\/79"}],"wp:attachment":[{"href":"https:\/\/kampanjer.gotamedia.se\/index.php\/wp-json\/wp\/v2\/media?parent=78"}],"curies":[{"name":"wp","href":"https:\/\/api.w.org\/{rel}","templated":true}]}}