{"id":74,"date":"2024-01-12T15:30:42","date_gmt":"2024-01-12T15:30:42","guid":{"rendered":"https:\/\/kampanjer.gotamedia.se\/?page_id=74"},"modified":"2024-01-12T15:30:42","modified_gmt":"2024-01-12T15:30:42","slug":"sa-minimerar-bilfirman-co2-avtrycket-vara-kunder-kan-vara-trygga-med-att-vi-tar-miljoarbetet-pa-allvar","status":"publish","type":"page","link":"https:\/\/kampanjer.gotamedia.se\/ahlberg-bil\/sa-minimerar-bilfirman-co2-avtrycket-vara-kunder-kan-vara-trygga-med-att-vi-tar-miljoarbetet-pa-allvar\/","title":{"rendered":"S\u00e5 minimerar bilfirman CO2-avtrycket: \u201dV\u00e5ra kunder kan vara trygga med att vi tar milj\u00f6arbetet p\u00e5 allvar\u201d"},"content":{"rendered":"\n<p><strong>Milj\u00f6m\u00e5len \u00e4r tydliga och ambitionsniv\u00e5n h\u00f6g. F\u00f6r en av Blekinges st\u00f6rsta bilkoncerner handlar det om att bli s\u00e5 klimatneutral som m\u00f6jligt. Minimera koldioxidavtrycket, steg f\u00f6r steg, och att g\u00f6ra skillnad p\u00e5 riktigt.<\/strong><\/p>\n\n\n\n<figure class=\"wp-block-image size-large\"><img loading=\"lazy\" decoding=\"async\" width=\"980\" height=\"653\" src=\"https:\/\/kampanjer.gotamedia.se\/wp-content\/uploads\/2024\/01\/Ahlberg-bil-3-1-980x653.jpeg\" alt=\"\" class=\"wp-image-75\" srcset=\"https:\/\/kampanjer.gotamedia.se\/wp-content\/uploads\/2024\/01\/Ahlberg-bil-3-1-980x653.jpeg 980w, https:\/\/kampanjer.gotamedia.se\/wp-content\/uploads\/2024\/01\/Ahlberg-bil-3-1-490x326.jpeg 490w, https:\/\/kampanjer.gotamedia.se\/wp-content\/uploads\/2024\/01\/Ahlberg-bil-3-1-768x512.jpeg 768w, https:\/\/kampanjer.gotamedia.se\/wp-content\/uploads\/2024\/01\/Ahlberg-bil-3-1-1536x1023.jpeg 1536w, https:\/\/kampanjer.gotamedia.se\/wp-content\/uploads\/2024\/01\/Ahlberg-bil-3-1.jpeg 1600w\" sizes=\"auto, (max-width: 980px) 100vw, 980px\" \/><figcaption class=\"wp-element-caption\">Ahlberg Bil forts\u00e4tter sitt arbete med bygga tv\u00e4tta-anl\u00e4ggningar med h\u00f6g milj\u00f6prestanda.<\/figcaption><\/figure>\n\n\n\n<p>Ahlberg Bil erbjuder sina kunder milj\u00f6bilar med den senaste tekniken fr\u00e5n Volvo. Nyligen lanserade man nya elbilsm\u00e4rket Maxus.<\/p>\n\n\n\n<p>Men det viktigaste \u00e4r att leva som man l\u00e4r. Hela den egna verksamheten ska pr\u00e4glas av milj\u00f6h\u00e4nsyn, f\u00f6rklarar Anna Hoff, kvalitets- och milj\u00f6chef hos Ahlberg Bil sedan tre \u00e5r tillbaka.<\/p>\n\n\n\n<p>\u2013 Dagens kunder har h\u00f6ga f\u00f6rv\u00e4ntningar p\u00e5 att f\u00f6retagen de handlar av arbetar konsekvent med h\u00e5llbarhet. V\u00e5ra kunder kan vara trygga med att vi g\u00f6r det vi s\u00e4ger att vi g\u00f6r och att vi tar v\u00e5rt milj\u00f6arbete p\u00e5 stort allvar, s\u00e4ger hon.<\/p>\n\n\n\n<p><a href=\"https:\/\/www.ahlbergbil.se\/om-oss\/hallbarhet\">L\u00e4s mer om Ahlberg Bils h\u00e5llbarhetsarbete h\u00e4r<\/a><\/p>\n\n\n<div class=\"wp-block-nativblock-qoute\">\n  <div class=\"qoute-wrapper\">\n    <h2>\u201dAlla vet att man inte k\u00f6per nya produkter utan att fr\u00e5ga mig\u201d<\/h2>\n  <\/div>\n<\/div>\n\n\n<p>Ahlberg Bils h\u00e5llbarhetsarbete bygger i f\u00f6rsta hand om att f\u00f6lja alla de lagar och regler som g\u00e4ller p\u00e5 lokal, nationell och EU-niv\u00e5. Och det \u00e4r ett digert arbete att h\u00e5lla sig uppdaterad med sj\u00e4lva regelverket och ta st\u00e4llning till hur olika \u00e4ndringar p\u00e5verkar verksamheten.<\/p>\n\n\n\n<p>\u2013 En g\u00e5ng i m\u00e5naden beh\u00f6ver man titta p\u00e5 om det har tillkommit nya lagar och regler. Det kan handla om allt ifr\u00e5n hur vi tar hand om skurvatten till hur vi hanterar milj\u00f6farligt avfall, s\u00e4ger Anna Hoff.<\/p>\n\n\n\n<p>\u2013 Skurvatten f\u00e5r inte bara h\u00e4llas ut, utan det ska filtreras. Och alla inom organisationen vet att de inte kan k\u00f6pa in nya produkter eller medel utan att fr\u00e5ga mig f\u00f6rst.<\/p>\n\n\n\n<figure class=\"wp-block-image size-large\"><img loading=\"lazy\" decoding=\"async\" width=\"980\" height=\"612\" src=\"https:\/\/kampanjer.gotamedia.se\/wp-content\/uploads\/2024\/01\/Ahlberg-bil-3-2-980x612.jpeg\" alt=\"\" class=\"wp-image-76\" srcset=\"https:\/\/kampanjer.gotamedia.se\/wp-content\/uploads\/2024\/01\/Ahlberg-bil-3-2-980x612.jpeg 980w, https:\/\/kampanjer.gotamedia.se\/wp-content\/uploads\/2024\/01\/Ahlberg-bil-3-2-490x306.jpeg 490w, https:\/\/kampanjer.gotamedia.se\/wp-content\/uploads\/2024\/01\/Ahlberg-bil-3-2-768x480.jpeg 768w, https:\/\/kampanjer.gotamedia.se\/wp-content\/uploads\/2024\/01\/Ahlberg-bil-3-2-320x200.jpeg 320w, https:\/\/kampanjer.gotamedia.se\/wp-content\/uploads\/2024\/01\/Ahlberg-bil-3-2.jpeg 1407w\" sizes=\"auto, (max-width: 980px) 100vw, 980px\" \/><figcaption class=\"wp-element-caption\">\u2013 V\u00e5ra kunder kan vara trygga med att vi tar milj\u00f6arbetet p\u00e5 allvar, s\u00e4ger Anna Hoff om Ahlberg Bils tydliga m\u00e5l att minimera koldioxidavtrycket.<\/figcaption><\/figure>\n\n\n\n<p><a href=\"https:\/\/www.ahlbergbil.se\/aga-bil\/aga-elbil\">L\u00e4s mer om elbilar h\u00e4r<\/a><\/p>\n\n\n\n<p>Att alltid g\u00f6ra r\u00e4tt och h\u00e5lla sig inom milj\u00f6lagarna \u00e4r A och O. Det finns m\u00e5nga olika delar i en bilhall \u2013 service, rekonditionering och skadeverkst\u00e4der \u2013 d\u00e4r man hanterar kemikalier.<\/p>\n\n\n\n<p>\u2013 Vi vill g\u00f6ra s\u00e5 lite avtryck som m\u00f6jligt p\u00e5 natur och milj\u00f6, b\u00e5de f\u00f6r v\u00e5r egen och v\u00e5ra barnbarns skull. Det \u00e4r ocks\u00e5 en kostnadsfr\u00e5ga. Ju mindre br\u00e4nnbart avfall vi l\u00e4mnar desto b\u00e4ttre, s\u00e4ger Anna.<\/p>\n\n\n\n<p>Alla hos Ahlberg Bil har blivit duktiga p\u00e5 att sortera och minimera m\u00e4ngden br\u00e4nnbart avfall. Allt fr\u00e5n mjukplast till blandskrot ska hamna i r\u00e4tt fack och sedan tas hand om p\u00e5 r\u00e4tt s\u00e4tt.<\/p>\n\n\n\n<p>\u2013 Vi har ett mycket gott samarbete med den leverant\u00f6ren som h\u00e4mtar v\u00e5rt avfall s\u00e5 att vi kan f\u00f6lja upp vad som h\u00e4nder med avfallet i n\u00e4sta led. Men vi har ocks\u00e5 blivit b\u00e4ttre p\u00e5 att hush\u00e5lla med elen och vi k\u00f6per bara ren el. I en framtid s\u00e5 vill vi s\u00e5 klart installera solceller p\u00e5 v\u00e5ra anl\u00e4ggningar.<\/p>\n\n\n<div class=\"wp-block-nativblock-qoute\">\n  <div class=\"qoute-wrapper\">\n    <h2>\u201dVolvo centralt b\u00e5de st\u00f6ttar och st\u00e4ller krav\u201d<\/h2>\n  <\/div>\n<\/div>\n\n\n<figure class=\"wp-block-image size-large\"><img loading=\"lazy\" decoding=\"async\" width=\"980\" height=\"735\" src=\"https:\/\/kampanjer.gotamedia.se\/wp-content\/uploads\/2024\/01\/Ahlberg-bil-3-3-980x735.jpeg\" alt=\"\" class=\"wp-image-77\" srcset=\"https:\/\/kampanjer.gotamedia.se\/wp-content\/uploads\/2024\/01\/Ahlberg-bil-3-3-980x735.jpeg 980w, https:\/\/kampanjer.gotamedia.se\/wp-content\/uploads\/2024\/01\/Ahlberg-bil-3-3-490x368.jpeg 490w, https:\/\/kampanjer.gotamedia.se\/wp-content\/uploads\/2024\/01\/Ahlberg-bil-3-3-768x576.jpeg 768w, https:\/\/kampanjer.gotamedia.se\/wp-content\/uploads\/2024\/01\/Ahlberg-bil-3-3-1536x1152.jpeg 1536w, https:\/\/kampanjer.gotamedia.se\/wp-content\/uploads\/2024\/01\/Ahlberg-bil-3-3.jpeg 1600w\" sizes=\"auto, (max-width: 980px) 100vw, 980px\" \/><figcaption class=\"wp-element-caption\">Ahlberg Bil v\u00e4ljer endast el-leverant\u00f6rer som erbjuder 100 procent f\u00f6rnybar el.<\/figcaption><\/figure>\n\n\n\n<p><a href=\"https:\/\/www.ahlbergbil.se\/aga-bil\/tvatta\">L\u00e4s mer om att tv\u00e4tta bil<\/a><\/p>\n\n\n\n<p>I arbetet som kvalitets- och milj\u00f6chef ing\u00e5r bland annat att \u00e5terkoppla till olika myndigheter. Varje \u00e5r l\u00e4mnar Ahlberg Bil in milj\u00f6rapporter till Naturv\u00e5rdsverket men \u00e4ven Volvo kr\u00e4ver \u00e5terkoppling.<\/p>\n\n\n\n<p>\u2013 Ambitionsniv\u00e5n \u00e4r h\u00f6g fr\u00e5n start. Volvo centralt b\u00e5de st\u00f6ttar och st\u00e4ller krav p\u00e5 att vi ska minska v\u00e5rt koldioxidavtryck varje \u00e5r. Vi \u00e4r ISO-certifierade och st\u00e4ller samma h\u00f6ga krav mot alla v\u00e5ra underleverant\u00f6rer och samarbetspartners, s\u00e4ger Anna.<\/p>\n\n\n\n<p>\u00c4ven kommunen g\u00f6r regelbundna tillsyner d\u00e4r man tittar p\u00e5 sortering, kemikaliehantering och oljeavskiljare.<\/p>\n\n\n\n<p>\u00c4n s\u00e5 l\u00e4nge kan ingen av Ahlberg Bils anl\u00e4ggningar i Karlshamn, Karlskrona, Ljungby, Olofstr\u00f6m och S\u00f6lvesborg erbjuda publika laddstolpar f\u00f6r elbil.<\/p>\n\n\n\n<p>\u2013 Det \u00e4r ett stort projekt som ligger p\u00e5 v\u00e5r \u00f6nskelista fram\u00f6ver. Men v\u00e5ra biltv\u00e4ttar i S\u00f6lvesborg, Olofstr\u00f6m, Ljungby och Karlshamn \u00e4r hypermoderna. D\u00e4r \u00e5tervinns n\u00e4stan allt vatten och produkterna som anv\u00e4nds \u00e4r Svanen-m\u00e4rkta.<\/p>\n\n\n\n<p><\/p>\n\n\n<div class=\"wp-block-nativblock-fakta\">\n  <div class=\"facts-content\">\n  \n\n<h2 class=\"wp-block-heading\">S\u00e5 arbetar Ahlberg Bil med h\u00e5llbarhet<\/h2>\n\n\n\n<p>\u2022 Minska det br\u00e4nnbara med 20 procent fram till \u00e5r 2025. Idag har Ahlberg Bil en h\u00f6g k\u00e4llsorteringsgrad p\u00e5 99,8 procent.<\/p>\n\n\n\n<p>\u2022 Inventerar allt kem varje \u00e5r och v\u00e4ljer i den m\u00e5n det g\u00e5r milj\u00f6v\u00e4nliga produkter.<\/p>\n\n\n\n<p>\u2022 Bygger nya tv\u00e4tta-anl\u00e4ggningar med h\u00f6g milj\u00f6prestanda.<\/p>\n\n\n\n<p>\u2022 Knyter avtal med leverant\u00f6rer som \u00e4r ISO 14001-certifierade.<\/p>\n\n\n\n<p>\u2022 Egenkontroller p\u00e5 sortering.<\/p>\n\n\n\n<p>\u2022 V\u00e4ljer endast el-leverant\u00f6rer med 100 procent f\u00f6rnybar el.<\/p>\n\n  <\/div>\n<\/div>\n\n<div class=\"wp-block-nativblock-relevantarticals\">\n  <h2>L\u00e4s fler artiklar<\/h2>\n  <div class=\"articals_wrapper\">\n          <div class=\"feature_articals\">\n        <div class=\"feature_articals_img_wrapper\">\n          <img decoding=\"async\" src=\"https:\/\/kampanjer.gotamedia.se\/wp-content\/uploads\/2024\/01\/ahlberg-bil-2-2.jpeg\" alt=\"\"\/>\n        <\/div>\n        <div class=\"feature_articals_content\">\n          <h3>Tryggt och s\u00e4kert hos Ahlberg Bil: K\u00f6pl\u00e4ge f\u00f6r begagnade bilar i sommar<\/h3>\n          <p>Nu \u00e4r det k\u00f6pl\u00e4ge f\u00f6r dig som letar efter en riktigt bra begagnad bil. Priserna har d\u00e4mpats och det finns gott om bilar i nyskick hos Blekinges st\u00f6rsta bilhandlare \u2013 Ahlberg Bil. \u2013 Priserna ligger p\u00e5 en rimligare niv\u00e5 \u00e4n f\u00f6rra sommaren d\u00e5 pandemin fortfarande m\u00e4rktes. Vi har ett stort utbud av begagnade bilar, s\u00e4ger [&hellip;]<\/p>\n          <a href=\"https:\/\/kampanjer.gotamedia.se\/ahlberg-bil\/tryggt-och-sakert-hos-ahlberg-bil-koplage-for-begagnade-bilar-i-sommar\/\" class=\"feature_articals_link\">L\u00e4s mer h\u00e4r<\/a>\n        <\/div>\n      <\/div>\n          <div class=\"feature_articals\">\n        <div class=\"feature_articals_img_wrapper\">\n          <img decoding=\"async\" src=\"https:\/\/kampanjer.gotamedia.se\/wp-content\/uploads\/2024\/01\/Ahlberg1.jpeg\" alt=\"\"\/>\n        <\/div>\n        <div class=\"feature_articals_content\">\n          <h3>Ahlberg Bil lanserar nytt prisv\u00e4rt elbilsm\u00e4rke i Blekinge<\/h3>\n          <p>Det h\u00e4nder mycket p\u00e5 elbilsfronten just nu. Ahlberg Bil \u00e4r inget undantag. Den familje\u00e4gda bilkoncernen \u00e4r en stark bilakt\u00f6r i Blekinge och nu lanserar man nya m\u00e4rket Maxus och deras helelektriska transportbilar. Ahlberg Bil i Karlshamn, Karlskrona, Ljungby, Olofstr\u00f6m och S\u00f6lvesborg har l\u00e4nge varit synonymt med Volvo med fokus p\u00e5 personbilar. Men man har saknat [&hellip;]<\/p>\n          <a href=\"https:\/\/kampanjer.gotamedia.se\/ahlberg-bil\/ahlberg-bil-lanserar-nytt-prisvart-elbilsmarke-i-blekinge\/\" class=\"feature_articals_link\">L\u00e4s mer h\u00e4r<\/a>\n        <\/div>\n      <\/div>\n      <\/div>\n<\/div>","protected":false},"excerpt":{"rendered":"<p>Milj\u00f6m\u00e5len \u00e4r tydliga och ambitionsniv\u00e5n h\u00f6g. F\u00f6r en av Blekinges st\u00f6rsta bilkoncerner handlar det om att bli s\u00e5 klimatneutral som m\u00f6jligt. Minimera koldioxidavtrycket, steg f\u00f6r steg, och att g\u00f6ra skillnad p\u00e5 riktigt. Ahlberg Bil erbjuder sina kunder milj\u00f6bilar med den senaste tekniken fr\u00e5n Volvo. Nyligen lanserade man nya elbilsm\u00e4rket Maxus. Men det viktigaste \u00e4r att [&hellip;]<\/p>\n","protected":false},"author":4,"featured_media":75,"parent":62,"menu_order":0,"comment_status":"closed","ping_status":"closed","template":"","meta":{"_monsterinsights_skip_tracking":false,"_monsterinsights_sitenote_active":false,"_monsterinsights_sitenote_note":"","_monsterinsights_sitenote_category":0,"footnotes":""},"class_list":["post-74","page","type-page","status-publish","has-post-thumbnail","hentry"],"acf":[],"_links":{"self":[{"href":"https:\/\/kampanjer.gotamedia.se\/index.php\/wp-json\/wp\/v2\/pages\/74","targetHints":{"allow":["GET"]}}],"collection":[{"href":"https:\/\/kampanjer.gotamedia.se\/index.php\/wp-json\/wp\/v2\/pages"}],"about":[{"href":"https:\/\/kampanjer.gotamedia.se\/index.php\/wp-json\/wp\/v2\/types\/page"}],"author":[{"embeddable":true,"href":"https:\/\/kampanjer.gotamedia.se\/index.php\/wp-json\/wp\/v2\/users\/4"}],"replies":[{"embeddable":true,"href":"https:\/\/kampanjer.gotamedia.se\/index.php\/wp-json\/wp\/v2\/comments?post=74"}],"version-history":[{"count":0,"href":"https:\/\/kampanjer.gotamedia.se\/index.php\/wp-json\/wp\/v2\/pages\/74\/revisions"}],"up":[{"embeddable":true,"href":"https:\/\/kampanjer.gotamedia.se\/index.php\/wp-json\/wp\/v2\/pages\/62"}],"wp:featuredmedia":[{"embeddable":true,"href":"https:\/\/kampanjer.gotamedia.se\/index.php\/wp-json\/wp\/v2\/media\/75"}],"wp:attachment":[{"href":"https:\/\/kampanjer.gotamedia.se\/index.php\/wp-json\/wp\/v2\/media?parent=74"}],"curies":[{"name":"wp","href":"https:\/\/api.w.org\/{rel}","templated":true}]}}