{"id":59,"date":"2024-01-08T14:28:47","date_gmt":"2024-01-08T14:28:47","guid":{"rendered":"https:\/\/kampanjer.gotamedia.se\/?page_id=59"},"modified":"2024-01-16T07:27:08","modified_gmt":"2024-01-16T07:27:08","slug":"blank-artikel","status":"publish","type":"page","link":"https:\/\/kampanjer.gotamedia.se\/gota-media-landingssida\/blank-artikel\/","title":{"rendered":"Blank Artikel"},"content":{"rendered":"\n<p><strong>Detta \u00e4r ingressen som \u00e4r i lite tjockare stil<\/strong><\/p>\n\n\n\n<figure class=\"wp-block-image size-large\"><img loading=\"lazy\" decoding=\"async\" width=\"980\" height=\"652\" src=\"https:\/\/kampanjer.gotamedia.se\/wp-content\/uploads\/2023\/11\/nedladdning-980x652.jpeg\" alt=\"\" class=\"wp-image-40\" srcset=\"https:\/\/kampanjer.gotamedia.se\/wp-content\/uploads\/2023\/11\/nedladdning-980x652.jpeg 980w, https:\/\/kampanjer.gotamedia.se\/wp-content\/uploads\/2023\/11\/nedladdning-490x326.jpeg 490w, https:\/\/kampanjer.gotamedia.se\/wp-content\/uploads\/2023\/11\/nedladdning-768x511.jpeg 768w, https:\/\/kampanjer.gotamedia.se\/wp-content\/uploads\/2023\/11\/nedladdning-1536x1022.jpeg 1536w, https:\/\/kampanjer.gotamedia.se\/wp-content\/uploads\/2023\/11\/nedladdning.jpeg 1600w\" sizes=\"auto, (max-width: 980px) 100vw, 980px\" \/><figcaption class=\"wp-element-caption\">F\u00f6retaget fr\u00e5n ovan<\/figcaption><\/figure>\n\n\n\n<p>Vanlig text som anv\u00e4nds som br\u00f6dtext<\/p>\n\n\n<div class=\"wp-block-nativblock-qoute\">\n  <div class=\"qoute-wrapper\">\n    <h2>J\u00e4ttebra kundservice &#8211; N\u00f6jd kund<\/h2>\n  <\/div>\n<\/div>\n\n\n<p>Och s\u00e5 lite mer text innan vi kommer till v\u00e5r k\u00e4ra inb\u00e4ddade film. Och s\u00e5 lite mer text innan vi kommer till v\u00e5r k\u00e4ra inb\u00e4ddade film. Och s\u00e5 lite mer text innan vi kommer till v\u00e5r k\u00e4ra inb\u00e4ddade film. Och s\u00e5 lite mer text innan vi kommer till v\u00e5r k\u00e4ra inb\u00e4ddade film. Och s\u00e5 lite mer text innan vi kommer till v\u00e5r k\u00e4ra inb\u00e4ddade film. Och s\u00e5 lite mer text innan vi kommer till v\u00e5r k\u00e4ra inb\u00e4ddade film. Och s\u00e5 lite mer text innan vi kommer till v\u00e5r k\u00e4ra inb\u00e4ddade film. Och s\u00e5 lite mer text innan vi kommer till v\u00e5r k\u00e4ra inb\u00e4ddade film.<\/p>\n\n\n<div class=\"wp-block-nativblock-fakta\">\n  <div class=\"facts-content\">\n  \n\n<h2 class=\"wp-block-heading\">Detta \u00e4r fakta om f\u00f6retaget<\/h2>\n\n\n\n<p>Man kan ha fakta i l\u00f6pande text.<\/p>\n\n\n\n<ul class=\"wp-block-list\">\n<li>Ett<\/li>\n\n\n\n<li>tv\u00e5<\/li>\n\n\n\n<li>tre<\/li>\n<\/ul>\n\n\n\n<p>Sen kan man avrunda med lite mer text.<\/p>\n\n  <\/div>\n<\/div>\n\n<div class=\"wp-block-nativblock-relevantarticals\">\n  <h2>L\u00e4s mer artiklar<\/h2>\n  <div class=\"articals_wrapper\">\n          <div class=\"feature_articals\">\n        <div class=\"feature_articals_img_wrapper\">\n          <img decoding=\"async\" src=\"https:\/\/kampanjer.gotamedia.se\/wp-content\/uploads\/2023\/10\/20231003_074059-scaled.jpg\" alt=\"\"\/>\n        <\/div>\n        <div class=\"feature_articals_content\">\n          <h3>Gota Medias f\u00f6rsta artikel<\/h3>\n          <p>Namnet till trots s\u00e4ljer RadioCentralen mest mobiltelefoner och annan smart hemelektronik. Annat var det f\u00f6r drygt 90 \u00e5r sedan n\u00e4r Marcus Johanssons farfar tog \u00f6ver butiken. D\u00e5 handlade Ulricehamnsborna mest lampor och s\u00e5 sm\u00e5ningom \u00e4ven radioapparater. Idag kretsar mycket av v\u00e5r vardag kring smart teknik. Vi \u00e4ger mobiltelefoner med inbyggd kamera, anv\u00e4nder appar dagligen, lyssnar [&hellip;]<\/p>\n          <a href=\"https:\/\/kampanjer.gotamedia.se\/gota-media-landingssida\/gota-medias-forsta-artikel\/\" class=\"feature_articals_link\">L\u00e4s mer h\u00e4r<\/a>\n        <\/div>\n      <\/div>\n      <\/div>\n<\/div>","protected":false},"excerpt":{"rendered":"<p>Detta \u00e4r ingressen som \u00e4r i lite tjockare stil Vanlig text som anv\u00e4nds som br\u00f6dtext Och s\u00e5 lite mer text innan vi kommer till v\u00e5r k\u00e4ra inb\u00e4ddade film. Och s\u00e5 lite mer text innan vi kommer till v\u00e5r k\u00e4ra inb\u00e4ddade film. Och s\u00e5 lite mer text innan vi kommer till v\u00e5r k\u00e4ra inb\u00e4ddade film. Och [&hellip;]<\/p>\n","protected":false},"author":3,"featured_media":39,"parent":56,"menu_order":0,"comment_status":"closed","ping_status":"closed","template":"","meta":{"_monsterinsights_skip_tracking":false,"_monsterinsights_sitenote_active":false,"_monsterinsights_sitenote_note":"","_monsterinsights_sitenote_category":0,"footnotes":""},"class_list":["post-59","page","type-page","status-publish","has-post-thumbnail","hentry"],"acf":[],"_links":{"self":[{"href":"https:\/\/kampanjer.gotamedia.se\/index.php\/wp-json\/wp\/v2\/pages\/59","targetHints":{"allow":["GET"]}}],"collection":[{"href":"https:\/\/kampanjer.gotamedia.se\/index.php\/wp-json\/wp\/v2\/pages"}],"about":[{"href":"https:\/\/kampanjer.gotamedia.se\/index.php\/wp-json\/wp\/v2\/types\/page"}],"author":[{"embeddable":true,"href":"https:\/\/kampanjer.gotamedia.se\/index.php\/wp-json\/wp\/v2\/users\/3"}],"replies":[{"embeddable":true,"href":"https:\/\/kampanjer.gotamedia.se\/index.php\/wp-json\/wp\/v2\/comments?post=59"}],"version-history":[{"count":0,"href":"https:\/\/kampanjer.gotamedia.se\/index.php\/wp-json\/wp\/v2\/pages\/59\/revisions"}],"up":[{"embeddable":true,"href":"https:\/\/kampanjer.gotamedia.se\/index.php\/wp-json\/wp\/v2\/pages\/56"}],"wp:featuredmedia":[{"embeddable":true,"href":"https:\/\/kampanjer.gotamedia.se\/index.php\/wp-json\/wp\/v2\/media\/39"}],"wp:attachment":[{"href":"https:\/\/kampanjer.gotamedia.se\/index.php\/wp-json\/wp\/v2\/media?parent=59"}],"curies":[{"name":"wp","href":"https:\/\/api.w.org\/{rel}","templated":true}]}}