{"id":57,"date":"2024-01-08T14:21:28","date_gmt":"2024-01-08T14:21:28","guid":{"rendered":"https:\/\/kampanjer.gotamedia.se\/?page_id=57"},"modified":"2024-01-08T14:27:00","modified_gmt":"2024-01-08T14:27:00","slug":"gota-medias-forsta-artikel","status":"publish","type":"page","link":"https:\/\/kampanjer.gotamedia.se\/gota-media-landingssida\/gota-medias-forsta-artikel\/","title":{"rendered":"Gota Medias f\u00f6rsta artikel"},"content":{"rendered":"\n<p><strong>Namnet till trots s\u00e4ljer RadioCentralen mest mobiltelefoner och annan smart hemelektronik. Annat var det f\u00f6r drygt 90 \u00e5r sedan n\u00e4r Marcus Johanssons farfar tog \u00f6ver butiken. D\u00e5 handlade Ulricehamnsborna mest lampor och s\u00e5 sm\u00e5ningom \u00e4ven radioapparater.<\/strong><\/p>\n\n\n\n<figure class=\"wp-block-image size-large\"><img loading=\"lazy\" decoding=\"async\" width=\"980\" height=\"653\" src=\"https:\/\/kampanjer.gotamedia.se\/wp-content\/uploads\/2023\/10\/radio-3-980x653.jpeg\" alt=\"\" class=\"wp-image-27\" srcset=\"https:\/\/kampanjer.gotamedia.se\/wp-content\/uploads\/2023\/10\/radio-3-980x653.jpeg 980w, https:\/\/kampanjer.gotamedia.se\/wp-content\/uploads\/2023\/10\/radio-3-490x327.jpeg 490w, https:\/\/kampanjer.gotamedia.se\/wp-content\/uploads\/2023\/10\/radio-3-768x512.jpeg 768w, https:\/\/kampanjer.gotamedia.se\/wp-content\/uploads\/2023\/10\/radio-3-1536x1024.jpeg 1536w, https:\/\/kampanjer.gotamedia.se\/wp-content\/uploads\/2023\/10\/radio-3-2048x1365.jpeg 2048w\" sizes=\"auto, (max-width: 980px) 100vw, 980px\" \/><figcaption class=\"wp-element-caption\">Kille st\u00e5r utanf\u00f6r Radiocentralen<\/figcaption><\/figure>\n\n\n\n<p><\/p>\n\n\n\n<p>Idag kretsar mycket av v\u00e5r vardag kring smart teknik. Vi \u00e4ger mobiltelefoner med inbyggd kamera, anv\u00e4nder appar dagligen, lyssnar p\u00e5 ljudb\u00f6cker, utnyttjar olika streamingstj\u00e4nster f\u00f6r b\u00e5de musik och TV.<\/p>\n\n\n\n<p>Dessutom arbetar allt fler Ulricehamnsbor hemifr\u00e5n sedan pandemin. N\u00e4stan alla, oavsett plats i livet, \u00e4r uppkopplade och beroende av bra n\u00e4tverk i hemmet.<\/p>\n\n\n\n<p>Det har Radiocentralen tagit fasta p\u00e5. Man s\u00e4ljer inte bara ny hemelektronik utan erbjuder en m\u00e4ngd olika kvalificerade tj\u00e4nster.<\/p>\n\n\n\n<p>\u2013 Vi har blivit en naturlig l\u00e4nk mellan m\u00e4nniskan och tekniken, s\u00e4ger Marcus Johansson som driver Radiocentralen sedan 2003.<br><\/p>\n\n\n<div class=\"wp-block-nativblock-qoute\">\n  <div class=\"qoute-wrapper\">\n    <h2>\u201dVi erbjuder support och installation av allt vi s\u00e4ljer\u201d<\/h2>\n  <\/div>\n<\/div>\n\n\n<p>Kunderna kommer <a href=\"https:\/\/euronics.se\/sidor\/butiker\/vara-butiker\">in till butiken<\/a> p\u00e5 Marknadsplatsen f\u00f6r att uppdatera sin utrustning men \u00e4ven f\u00f6r att f\u00e5 support.<\/p>\n\n\n\n<p>\u2013 Vi st\u00e5r p\u00e5 m\u00e5nga ben. Mobiltelefoner, TV-apparater, abonnemang och h\u00f6gtalare \u00e4r den stora biten. Men vi erbjuder \u00e4ven support och installation av allt vi s\u00e4ljer d\u00e4r \u00e4ven antenner, paraboler och bredband ing\u00e5r. Det \u00e4r inte alla som k\u00e4nner sig trygga med att g\u00f6ra det sj\u00e4lv, s\u00e4ger Marcus Johansson.<\/p>\n\n\n\n<p>Han \u00e4r utbildad ingenj\u00f6r men hann bara jobba ett \u00e5r i G\u00f6teborg efter examen innan han blev en del av familjef\u00f6retaget.<\/p>\n\n\n\n<p>\u2013 Farfar tog \u00f6ver butiken p\u00e5 1930-talet och p\u00e5 den tiden var det mest lampor och radioapparater. Sedan utvecklades andra olika elektriska apparater och TV:n.<\/p>\n\n\n\n<figure class=\"wp-block-image size-large\"><img loading=\"lazy\" decoding=\"async\" width=\"980\" height=\"653\" src=\"https:\/\/nativdemo.wpenginepowered.com\/wp-content\/uploads\/2023\/10\/radio-2-980x653.jpeg\" alt=\"\" class=\"wp-image-26\" srcset=\"https:\/\/kampanjer.gotamedia.se\/wp-content\/uploads\/2023\/10\/radio-2-980x653.jpeg 980w, https:\/\/kampanjer.gotamedia.se\/wp-content\/uploads\/2023\/10\/radio-2-490x327.jpeg 490w, https:\/\/kampanjer.gotamedia.se\/wp-content\/uploads\/2023\/10\/radio-2-768x512.jpeg 768w, https:\/\/kampanjer.gotamedia.se\/wp-content\/uploads\/2023\/10\/radio-2-1536x1024.jpeg 1536w, https:\/\/kampanjer.gotamedia.se\/wp-content\/uploads\/2023\/10\/radio-2-2048x1365.jpeg 2048w\" sizes=\"auto, (max-width: 980px) 100vw, 980px\" \/><figcaption class=\"wp-element-caption\">Gustav H\u00e5kansson och Morgan Markbrant \u00e4r tv\u00e5 av fyra s\u00e4ljare som hj\u00e4lper Radiocentralens kunder med b\u00e5de val av utrustning och regelr\u00e4tt support.<\/figcaption><\/figure>\n\n\n<div class=\"wp-block-nativblock-qoute\">\n  <div class=\"qoute-wrapper\">\n    <h2>\u201dMan ska k\u00e4nna sig som \u00e4r guldkund hos oss\u201d<\/h2>\n  <\/div>\n<\/div>\n\n\n<p>Idag \u00e4r det TV och mobiltelefon och alla dess tillbeh\u00f6r som dominerar Radiocentralens utbud. Men det g\u00e5r ocks\u00e5 att ta ID-foto eller f\u00e5 digitala bilder utskrivna. Allt som har med routrar och wifi \u00e4r ocks\u00e5 popul\u00e4rt. Och det g\u00e5r s\u00e5 klart att k\u00f6pa datorer och en och annan webbradio. Medan suget efter ny kamera inte \u00e4r s\u00e5 stort som f\u00f6rr.<\/p>\n\n\n\n<p>\u2013 M\u00e5nga tycker det \u00e4r toppen att f\u00e5 en \u00f6versyn p\u00e5 sina mobiltelefoner, fiber och TV-abonnemang. Familjel\u00f6sningar \u00e4r popul\u00e4rt. Det spar man mycket pengar p\u00e5, s\u00e4ger Marcus Johansson.<\/p>\n\n\n\n<p>\u2013 Det har skett en otrolig utveckling n\u00e4r det g\u00e4ller digitaliseringen de sista tio \u00e5ren. Och h\u00e4r m\u00e5ste jag lyfta min personal. De \u00e4r inte bara oerh\u00f6rt kunniga n\u00e4r det g\u00e4ller den senaste tekniken utan \u00e4r \u00e4ven alltid engagerade, p\u00e5litliga och positiva.<\/p>\n\n\n<div class=\"wp-block-nativblock-qoute\">\n  <div class=\"qoute-wrapper\">\n    <h2>&#8221;Det har skett en otrolig utveckling&#8221;<\/h2>\n  <\/div>\n<\/div>\n\n\n<p>F\u00f6r det \u00e4r den kvalificerade och personliga servicen som g\u00f6r att Radiocentralen st\u00e5r pall f\u00f6r konkurrensen fr\u00e5n l\u00e5gpriskedjor och n\u00e4thandel, menar Marcus Johansson.<\/p>\n\n\n\n<p>\u2013 Man ska k\u00e4nna sig som guldkund hos oss. Oavsett om man k\u00f6per ett batteri eller en ljudanl\u00e4ggning f\u00f6r tusentalskronor.<\/p>\n\n\n\n<figure class=\"wp-block-image size-large\"><img loading=\"lazy\" decoding=\"async\" width=\"980\" height=\"653\" src=\"https:\/\/nativdemo.wpenginepowered.com\/wp-content\/uploads\/2023\/10\/radio-3-980x653.jpeg\" alt=\"\" class=\"wp-image-27\" srcset=\"https:\/\/kampanjer.gotamedia.se\/wp-content\/uploads\/2023\/10\/radio-3-980x653.jpeg 980w, https:\/\/kampanjer.gotamedia.se\/wp-content\/uploads\/2023\/10\/radio-3-490x327.jpeg 490w, https:\/\/kampanjer.gotamedia.se\/wp-content\/uploads\/2023\/10\/radio-3-768x512.jpeg 768w, https:\/\/kampanjer.gotamedia.se\/wp-content\/uploads\/2023\/10\/radio-3-1536x1024.jpeg 1536w, https:\/\/kampanjer.gotamedia.se\/wp-content\/uploads\/2023\/10\/radio-3-2048x1365.jpeg 2048w\" sizes=\"auto, (max-width: 980px) 100vw, 980px\" \/><figcaption class=\"wp-element-caption\">F\u00f6r drygt 30 \u00e5r sedan flyttade Radiocentralen till den 450 kvadratmeter stora butiken vid Marknadsplatsen. Sedan dess har sortimentet f\u00f6r\u00e4ndrats avsev\u00e4rt.<br><\/figcaption><\/figure>\n\n\n<div class=\"wp-block-nativblock-fakta\">\n  <div class=\"facts-content\">\n  \n\n<h2 class=\"wp-block-heading\">Fakta om Radiocentralen<\/h2>\n\n\n\n<p>Man kan det h\u00e4r<\/p>\n\n\n\n<p>och g\u00f6r det h\u00e4r <\/p>\n\n\n\n<p>och det h\u00e4r<\/p>\n\n\n\n<ol class=\"wp-block-list\">\n<li>Det h\u00e4r<\/li>\n\n\n\n<li>Det h\u00e4r<\/li>\n<\/ol>\n\n\n\n<p>och sakerna kan man hitta <a href=\"https:\/\/www.facebook.com\/Radiocentralen\/?locale=sv_SE\">h\u00e4r<\/a><\/p>\n\n  <\/div>\n<\/div>\n\n<div class=\"wp-block-nativblock-fakta\">\n  <div class=\"facts-content\">\n  \n\n<h2 class=\"wp-block-heading\">Allt detta kan Radiocentralen hj\u00e4lpa till med<\/h2>\n\n\n\n<p>Radiocentralen i Ulricehamn \u00e4r ett familjef\u00f6retag som grundades 1928 och en del av&nbsp;<a href=\"https:\/\/euronics.se\/sidor\/butiker\/vara-butiker\">Euronics<\/a>. Allt detta kan du f\u00e5 hj\u00e4lp med i butiken p\u00e5 Marknadsplatsen:<\/p>\n\n\n\n<ul class=\"wp-block-list\">\n<li>Installation av TV, routrar, ljudanl\u00e4ggningar och skrivare.<\/li>\n\n\n\n<li>Ig\u00e5ngs\u00e4ttning och uppstart av mobiltelefoner, surfplattor och datorer.<\/li>\n\n\n\n<li>Montering och justering av paraboler och antenner.<\/li>\n\n\n\n<li>Foto till ID-kort och k\u00f6rkort.<\/li>\n\n\n\n<li>Hj\u00e4lper till att teckna mobil-, fiber- och TV-abonnemang.<\/li>\n<\/ul>\n\n  <\/div>\n<\/div>\n\n<div class=\"wp-block-nativblock-relevantarticals\">\n  <h2>L\u00e4s fler artiklar<\/h2>\n  <div class=\"articals_wrapper\">\n          <div class=\"feature_articals\">\n        <div class=\"feature_articals_img_wrapper\">\n          <img decoding=\"async\" src=\"https:\/\/kampanjer.gotamedia.se\/wp-content\/uploads\/2023\/10\/Radiocontralen.jpeg\" alt=\"\"\/>\n        <\/div>\n        <div class=\"feature_articals_content\">\n          <h3>Radiocentralens andra nativeartikel<\/h3>\n          <p>Radiocentralen \u00e4r s\u00e5 hiimlaaa bra. Och den h\u00e4r texten sen d\u00e5! Du kommer inte att tro dina \u00f6gon n\u00e4r du l\u00e4ser vidare om Radiocentralen. Det blir mycket sp\u00e4nnande l\u00e4sning h\u00e4r den kommande minuten. H\u00e5ll tillgodo! H\u00e4r forts\u00e4tter texten i Radiocentralens andra nativeartikel. och ojojoj s\u00e5 bra och intressant den \u00e4r! Allts\u00e5 verkligen toppen! H\u00e4r forts\u00e4tter [&hellip;]<\/p>\n          <a href=\"https:\/\/kampanjer.gotamedia.se\/radiocentralen\/radiocentralens-andra-nativeartikel\/\" class=\"feature_articals_link\">L\u00e4s mer h\u00e4r<\/a>\n        <\/div>\n      <\/div>\n      <\/div>\n<\/div>","protected":false},"excerpt":{"rendered":"<p>Namnet till trots s\u00e4ljer RadioCentralen mest mobiltelefoner och annan smart hemelektronik. Annat var det f\u00f6r drygt 90 \u00e5r sedan n\u00e4r Marcus Johanssons farfar tog \u00f6ver butiken. D\u00e5 handlade Ulricehamnsborna mest lampor och s\u00e5 sm\u00e5ningom \u00e4ven radioapparater. Idag kretsar mycket av v\u00e5r vardag kring smart teknik. Vi \u00e4ger mobiltelefoner med inbyggd kamera, anv\u00e4nder appar dagligen, lyssnar [&hellip;]<\/p>\n","protected":false},"author":3,"featured_media":10,"parent":56,"menu_order":0,"comment_status":"closed","ping_status":"closed","template":"","meta":{"_monsterinsights_skip_tracking":false,"_monsterinsights_sitenote_active":false,"_monsterinsights_sitenote_note":"","_monsterinsights_sitenote_category":0,"footnotes":""},"class_list":["post-57","page","type-page","status-publish","has-post-thumbnail","hentry"],"acf":[],"_links":{"self":[{"href":"https:\/\/kampanjer.gotamedia.se\/index.php\/wp-json\/wp\/v2\/pages\/57","targetHints":{"allow":["GET"]}}],"collection":[{"href":"https:\/\/kampanjer.gotamedia.se\/index.php\/wp-json\/wp\/v2\/pages"}],"about":[{"href":"https:\/\/kampanjer.gotamedia.se\/index.php\/wp-json\/wp\/v2\/types\/page"}],"author":[{"embeddable":true,"href":"https:\/\/kampanjer.gotamedia.se\/index.php\/wp-json\/wp\/v2\/users\/3"}],"replies":[{"embeddable":true,"href":"https:\/\/kampanjer.gotamedia.se\/index.php\/wp-json\/wp\/v2\/comments?post=57"}],"version-history":[{"count":0,"href":"https:\/\/kampanjer.gotamedia.se\/index.php\/wp-json\/wp\/v2\/pages\/57\/revisions"}],"up":[{"embeddable":true,"href":"https:\/\/kampanjer.gotamedia.se\/index.php\/wp-json\/wp\/v2\/pages\/56"}],"wp:featuredmedia":[{"embeddable":true,"href":"https:\/\/kampanjer.gotamedia.se\/index.php\/wp-json\/wp\/v2\/media\/10"}],"wp:attachment":[{"href":"https:\/\/kampanjer.gotamedia.se\/index.php\/wp-json\/wp\/v2\/media?parent=57"}],"curies":[{"name":"wp","href":"https:\/\/api.w.org\/{rel}","templated":true}]}}