{"id":31,"date":"2023-10-31T15:12:23","date_gmt":"2023-10-31T15:12:23","guid":{"rendered":"https:\/\/nativdemo.wpenginepowered.com\/?page_id=31"},"modified":"2023-11-02T10:19:18","modified_gmt":"2023-11-02T10:19:18","slug":"radiocentralens-andra-nativeartikel","status":"publish","type":"page","link":"https:\/\/kampanjer.gotamedia.se\/radiocentralen\/radiocentralens-andra-nativeartikel\/","title":{"rendered":"Radiocentralens andra nativeartikel"},"content":{"rendered":"\n<p><strong>Radiocentralen \u00e4r s\u00e5 hiimlaaa bra. Och den h\u00e4r texten sen d\u00e5! Du kommer inte att tro dina \u00f6gon n\u00e4r du l\u00e4ser vidare om Radiocentralen. Det blir mycket sp\u00e4nnande l\u00e4sning h\u00e4r den kommande minuten. H\u00e5ll tillgodo!<\/strong><\/p>\n\n\n\n<figure class=\"wp-block-image size-large\"><img loading=\"lazy\" decoding=\"async\" width=\"980\" height=\"653\" src=\"https:\/\/nativdemo.wpenginepowered.com\/wp-content\/uploads\/2023\/10\/Radiocontralen-980x653.jpeg\" alt=\"\" class=\"wp-image-25\" srcset=\"https:\/\/kampanjer.gotamedia.se\/wp-content\/uploads\/2023\/10\/Radiocontralen-980x653.jpeg 980w, https:\/\/kampanjer.gotamedia.se\/wp-content\/uploads\/2023\/10\/Radiocontralen-490x327.jpeg 490w, https:\/\/kampanjer.gotamedia.se\/wp-content\/uploads\/2023\/10\/Radiocontralen-768x512.jpeg 768w, https:\/\/kampanjer.gotamedia.se\/wp-content\/uploads\/2023\/10\/Radiocontralen-1536x1024.jpeg 1536w, https:\/\/kampanjer.gotamedia.se\/wp-content\/uploads\/2023\/10\/Radiocontralen-2048x1365.jpeg 2048w\" sizes=\"auto, (max-width: 980px) 100vw, 980px\" \/><figcaption class=\"wp-element-caption\">En bildtext om Marcus Johansson<\/figcaption><\/figure>\n\n\n\n<p>H\u00e4r forts\u00e4tter texten i Radiocentralens andra nativeartikel. och ojojoj s\u00e5 bra och intressant den \u00e4r! Allts\u00e5 verkligen toppen! H\u00e4r forts\u00e4tter texten i Radiocentralens andra nativeartikel. och ojojoj s\u00e5 bra och intressant den \u00e4r! Allts\u00e5 verkligen toppen! H\u00e4r forts\u00e4tter texten i Radiocentralens andra nativeartikel. och ojojoj s\u00e5 bra och intressant den \u00e4r! Allts\u00e5 verkligen toppen! H\u00e4r forts\u00e4tter texten i Radiocentralens andra nativeartikel. och ojojoj s\u00e5 bra och intressant den \u00e4r! Allts\u00e5 verkligen toppen! H\u00e4r forts\u00e4tter texten i Radiocentralens andra nativeartikel. och ojojoj s\u00e5 bra och intressant den \u00e4r! Allts\u00e5 verkligen toppen! H\u00e4r forts\u00e4tter texten i Radiocentralens andra nativeartikel. och ojojoj s\u00e5 bra och intressant den \u00e4r! Allts\u00e5 verkligen toppen! H\u00e4r forts\u00e4tter texten i Radiocentralens andra nativeartikel. och ojojoj s\u00e5 bra och intressant den \u00e4r! Allts\u00e5 verkligen toppen!<\/p>\n\n\n<div class=\"wp-block-nativblock-qoute\">\n  <div class=\"qoute-wrapper\">\n    <h2>&#8221;Allts\u00e5 verkligen toppen&#8221;<\/h2>\n  <\/div>\n<\/div>\n\n\n<p>Och s\u00e5 lite mer text innan vi kommer till v\u00e5r k\u00e4ra inb\u00e4ddade film. Och s\u00e5 lite mer text innan vi kommer till v\u00e5r k\u00e4ra inb\u00e4ddade film. Och s\u00e5 lite mer text innan vi kommer till v\u00e5r k\u00e4ra inb\u00e4ddade film. Och s\u00e5 lite mer text innan vi kommer till v\u00e5r k\u00e4ra inb\u00e4ddade film. Och s\u00e5 lite mer text innan vi kommer till v\u00e5r k\u00e4ra inb\u00e4ddade film. Och s\u00e5 lite mer text innan vi kommer till v\u00e5r k\u00e4ra inb\u00e4ddade film. Och s\u00e5 lite mer text innan vi kommer till v\u00e5r k\u00e4ra inb\u00e4ddade film. Och s\u00e5 lite mer text innan vi kommer till v\u00e5r k\u00e4ra inb\u00e4ddade film.<\/p>\n\n\n\n<figure class=\"wp-block-embed is-type-video is-provider-vimeo wp-block-embed-vimeo wp-embed-aspect-16-9 wp-has-aspect-ratio\"><div class=\"wp-block-embed__wrapper\">\n<div class=\"embed-wrapper\"><iframe loading=\"lazy\" title=\"bt_fisk_censur\" src=\"https:\/\/player.vimeo.com\/video\/754170081?dnt=1&amp;app_id=122963\" width=\"500\" height=\"281\" frameborder=\"0\" allow=\"autoplay; fullscreen; picture-in-picture; clipboard-write; encrypted-media\"><\/iframe><\/div>\n<\/div><figcaption class=\"wp-element-caption\">Den h\u00e4r filmen handlar om en gullig fisk<\/figcaption><\/figure>\n\n\n\n<p>Ja och sedan forts\u00e4tter den h\u00e4r intressanta artikeln som ingen vill sluta l\u00e4sa. F\u00f6r den \u00e4r s\u00e5 himla bra och givande. Ja och sedan forts\u00e4tter den h\u00e4r intressanta artikeln som ingen vill sluta l\u00e4sa. F\u00f6r den \u00e4r s\u00e5 himla bra och givande. Ja och sedan forts\u00e4tter den h\u00e4r intressanta artikeln som ingen vill sluta l\u00e4sa. F\u00f6r den \u00e4r s\u00e5 himla bra och givande. Ja och sedan forts\u00e4tter den h\u00e4r intressanta artikeln som ingen vill sluta l\u00e4sa. F\u00f6r den \u00e4r s\u00e5 himla bra och givande. Ja och sedan forts\u00e4tter den h\u00e4r intressanta artikeln som ingen vill sluta l\u00e4sa. F\u00f6r den \u00e4r s\u00e5 himla bra och givande. Ja och sedan forts\u00e4tter den h\u00e4r intressanta artikeln som ingen vill sluta l\u00e4sa. F\u00f6r den \u00e4r s\u00e5 himla bra och givande. <\/p>\n\n\n<div class=\"wp-block-nativblock-fakta\">\n  <div class=\"facts-content\">\n  \n\n<h2 class=\"wp-block-heading\">Intressant att veta om Radiocentralen<\/h2>\n\n\n\n<ul class=\"wp-block-list\">\n<li>Var stans b\u00e4sta skivbutik i m\u00e5nga \u00e5r<\/li>\n\n\n\n<li>H\u00e4r k\u00f6pte \u00c5sa sin f\u00f6rsta singel<\/li>\n\n\n\n<li>H\u00e4r k\u00f6pte \u00c5sa sin f\u00f6rsta stereo (en Technics som fortfarande finns kvar i hemmet)<\/li>\n<\/ul>\n\n\n\n<p>Sedan en text i flytande form i faktarutan fall i fall man skulle vilja ha det<\/p>\n\n  <\/div>\n<\/div>\n\n<div class=\"wp-block-nativblock-relevantarticals\">\n  <h2>L\u00e4s mer artiklar<\/h2>\n  <div class=\"articals_wrapper\">\n          <div class=\"feature_articals\">\n        <div class=\"feature_articals_img_wrapper\">\n          <img decoding=\"async\" src=\"https:\/\/kampanjer.gotamedia.se\/wp-content\/uploads\/2023\/10\/radio-3.jpeg\" alt=\"\"\/>\n        <\/div>\n        <div class=\"feature_articals_content\">\n          <h3>RadioCentralen alltid i takt med det senaste: \u201dVi \u00e4r l\u00e4nken mellan teknik och m\u00e4nniska\u201d<\/h3>\n          <p>Namnet till trots s\u00e4ljer RadioCentralen mest mobiltelefoner och annan smart hemelektronik. Annat var det f\u00f6r drygt 90 \u00e5r sedan n\u00e4r Marcus Johanssons farfar tog \u00f6ver butiken. D\u00e5 handlade Ulricehamnsborna mest lampor och s\u00e5 sm\u00e5ningom \u00e4ven radioapparater. Idag kretsar mycket av v\u00e5r vardag kring smart teknik. Vi \u00e4ger mobiltelefoner med inbyggd kamera, anv\u00e4nder appar dagligen, lyssnar [&hellip;]<\/p>\n          <a href=\"https:\/\/kampanjer.gotamedia.se\/radiocentralen\/radiocentralen-alltid-i-takt-med-det-senaste-vi-ar-lanken-mellan-teknik-och-manniska\/\" class=\"feature_articals_link\">L\u00e4s mer h\u00e4r<\/a>\n        <\/div>\n      <\/div>\n      <\/div>\n<\/div>","protected":false},"excerpt":{"rendered":"<p>Radiocentralen \u00e4r s\u00e5 hiimlaaa bra. Och den h\u00e4r texten sen d\u00e5! Du kommer inte att tro dina \u00f6gon n\u00e4r du l\u00e4ser vidare om Radiocentralen. Det blir mycket sp\u00e4nnande l\u00e4sning h\u00e4r den kommande minuten. H\u00e5ll tillgodo! H\u00e4r forts\u00e4tter texten i Radiocentralens andra nativeartikel. och ojojoj s\u00e5 bra och intressant den \u00e4r! Allts\u00e5 verkligen toppen! H\u00e4r forts\u00e4tter [&hellip;]<\/p>\n","protected":false},"author":3,"featured_media":25,"parent":23,"menu_order":0,"comment_status":"closed","ping_status":"closed","template":"","meta":{"_monsterinsights_skip_tracking":false,"_monsterinsights_sitenote_active":false,"_monsterinsights_sitenote_note":"","_monsterinsights_sitenote_category":0,"footnotes":""},"class_list":["post-31","page","type-page","status-publish","has-post-thumbnail","hentry"],"acf":[],"_links":{"self":[{"href":"https:\/\/kampanjer.gotamedia.se\/index.php\/wp-json\/wp\/v2\/pages\/31","targetHints":{"allow":["GET"]}}],"collection":[{"href":"https:\/\/kampanjer.gotamedia.se\/index.php\/wp-json\/wp\/v2\/pages"}],"about":[{"href":"https:\/\/kampanjer.gotamedia.se\/index.php\/wp-json\/wp\/v2\/types\/page"}],"author":[{"embeddable":true,"href":"https:\/\/kampanjer.gotamedia.se\/index.php\/wp-json\/wp\/v2\/users\/3"}],"replies":[{"embeddable":true,"href":"https:\/\/kampanjer.gotamedia.se\/index.php\/wp-json\/wp\/v2\/comments?post=31"}],"version-history":[{"count":0,"href":"https:\/\/kampanjer.gotamedia.se\/index.php\/wp-json\/wp\/v2\/pages\/31\/revisions"}],"up":[{"embeddable":true,"href":"https:\/\/kampanjer.gotamedia.se\/index.php\/wp-json\/wp\/v2\/pages\/23"}],"wp:featuredmedia":[{"embeddable":true,"href":"https:\/\/kampanjer.gotamedia.se\/index.php\/wp-json\/wp\/v2\/media\/25"}],"wp:attachment":[{"href":"https:\/\/kampanjer.gotamedia.se\/index.php\/wp-json\/wp\/v2\/media?parent=31"}],"curies":[{"name":"wp","href":"https:\/\/api.w.org\/{rel}","templated":true}]}}