{"id":23,"date":"2023-10-31T10:08:40","date_gmt":"2023-10-31T10:08:40","guid":{"rendered":"https:\/\/nativdemo.wpenginepowered.com\/?page_id=23"},"modified":"2023-10-31T15:30:32","modified_gmt":"2023-10-31T15:30:32","slug":"radiocentralen","status":"publish","type":"page","link":"https:\/\/kampanjer.gotamedia.se\/radiocentralen\/","title":{"rendered":"Radiocentralen"},"content":{"rendered":"<div class=\"wp-block-nativblock-businessinfo\">\n  <div class=\"information_header\">\n    <div class=\"information_header_right\">\n      <div class=\"info_symbol_wrapper\">\n        <svg xmlns=\"http:\/\/www.w3.org\/2000\/svg\" width=\"18\" height=\"18\" viewBox=\"0 0 18 18\" fill=\"none\">\n          <path d=\"M9.91692 4.16251C9.59663 4.16251 9.32185 4.26927 9.09258 4.4828C8.8633 4.69632 8.74779 4.9536 8.74779 5.25463C8.74779 5.55567 8.8633 5.8112 9.09258 6.02297C9.32185 6.23475 9.59663 6.33976 9.91692 6.33976C10.2372 6.33976 10.5102 6.23475 10.7378 6.02297C10.9653 5.8112 11.0791 5.55567 11.0791 5.25463C11.0791 4.9536 10.9653 4.69632 10.7378 4.4828C10.5102 4.26927 10.2372 4.16251 9.91692 4.16251ZM9.17659 7.32512C8.93856 7.32512 8.67778 7.37238 8.39425 7.46514C8.11072 7.5579 7.81318 7.66991 7.49815 7.79943L7.29162 8.33323C7.38438 8.29823 7.49465 8.25973 7.62241 8.22122C7.75017 8.18272 7.87094 8.16172 7.9882 8.16172C8.22273 8.16172 8.375 8.20547 8.445 8.29298C8.51326 8.38049 8.53076 8.53451 8.49401 8.75503C8.47476 8.87755 8.438 9.01231 8.38725 9.16108C8.33649 9.30985 8.27698 9.46561 8.20873 9.63188L7.47714 11.3646C7.40714 11.5466 7.35113 11.7094 7.31087 11.8546C7.26887 11.9999 7.23737 12.1399 7.21461 12.2782C7.15511 12.6335 7.22687 12.9275 7.42989 13.1603C7.63116 13.3913 7.9497 13.5068 8.382 13.5068C8.66378 13.5068 8.91756 13.4666 9.14333 13.3843C9.36911 13.3038 9.67364 13.1865 10.0569 13.0325L10.2635 12.4987C10.197 12.5302 10.0919 12.567 9.94842 12.609C9.80491 12.651 9.67889 12.672 9.57038 12.672C9.33936 12.672 9.18359 12.6317 9.10308 12.5477C9.02257 12.4655 9.00157 12.3079 9.04007 12.0787C9.05582 11.9877 9.09083 11.8529 9.15033 11.6761C9.20809 11.4976 9.2676 11.3401 9.3271 11.2018L10.0569 9.47611C10.1269 9.3186 10.1847 9.14358 10.232 8.95456C10.2792 8.76553 10.309 8.63252 10.3212 8.55726C10.3807 8.19322 10.3142 7.89744 10.1182 7.66991C9.92217 7.44238 9.60889 7.32862 9.18009 7.32862L9.17659 7.32512ZM8.99982 16.3439C4.94986 16.3439 1.65598 13.05 1.65598 9.00006C1.65598 4.9501 4.94986 1.65623 8.99982 1.65623C13.0498 1.65623 16.3437 4.9501 16.3437 9.00006C16.3437 13.05 13.0498 16.3439 8.99982 16.3439ZM8.99982 0.651611C4.39679 0.651611 0.651367 4.39704 0.651367 9.00006C0.651367 13.6031 4.39679 17.3485 8.99982 17.3485C13.6028 17.3485 17.3483 13.6031 17.3483 9.00006C17.3483 4.39704 13.6028 0.651611 8.99982 0.651611Z\" fill=\"white\" \/>\n        <\/svg>\n      <\/div>\n      <p>F\u00f6retagsinfo<\/p>\n    <\/div>\n    <div class=\"information_header_left\">\n      <svg xmlns=\"http:\/\/www.w3.org\/2000\/svg\" width=\"11\" height=\"7\" viewBox=\"0 0 11 7\" fill=\"none\">\n        <path d=\"M-4.01285e-08 0.918032C-2.98957e-08 0.683934 0.0809431 0.447541 0.242829 0.268524C0.566604 -0.0895087 1.0917 -0.0895086 1.41755 0.268524L5.5 4.78295L9.58245 0.268525C9.90623 -0.0895082 10.4334 -0.0895082 10.7572 0.268525C11.0809 0.626557 11.0809 1.20951 10.7572 1.56754L6.08736 6.73148C5.76358 7.08951 5.23849 7.08951 4.91264 6.73148L0.242829 1.56754C0.080943 1.38852 -5.04616e-08 1.15443 -4.01285e-08 0.918032Z\" fill=\"#303B4B\" \/>\n      <\/svg>\n    <\/div>\n  <\/div>\n  <div class=\"information_box\">\n    <div class=\"information_box_company\">\n              <div class=\"company_info\">\n          <span class=\"icon-phone\"><\/span>\n          <p>0321-111 11<\/p>\n        <\/div>\n                      <\/div>\n    <div class=\"information_box_description\">\n      <p>Lite kort om f\u00f6retaget h\u00e4r. Alla \u00e4lskar Radiocentralen!<\/p>\n    <\/div>\n  <\/div>\n<\/div>","protected":false},"excerpt":{"rendered":"","protected":false},"author":2,"featured_media":0,"parent":0,"menu_order":0,"comment_status":"closed","ping_status":"closed","template":"","meta":{"_monsterinsights_skip_tracking":false,"_monsterinsights_sitenote_active":false,"_monsterinsights_sitenote_note":"","_monsterinsights_sitenote_category":0,"footnotes":""},"class_list":["post-23","page","type-page","status-publish","hentry"],"acf":[],"_links":{"self":[{"href":"https:\/\/kampanjer.gotamedia.se\/index.php\/wp-json\/wp\/v2\/pages\/23","targetHints":{"allow":["GET"]}}],"collection":[{"href":"https:\/\/kampanjer.gotamedia.se\/index.php\/wp-json\/wp\/v2\/pages"}],"about":[{"href":"https:\/\/kampanjer.gotamedia.se\/index.php\/wp-json\/wp\/v2\/types\/page"}],"author":[{"embeddable":true,"href":"https:\/\/kampanjer.gotamedia.se\/index.php\/wp-json\/wp\/v2\/users\/2"}],"replies":[{"embeddable":true,"href":"https:\/\/kampanjer.gotamedia.se\/index.php\/wp-json\/wp\/v2\/comments?post=23"}],"version-history":[{"count":0,"href":"https:\/\/kampanjer.gotamedia.se\/index.php\/wp-json\/wp\/v2\/pages\/23\/revisions"}],"wp:attachment":[{"href":"https:\/\/kampanjer.gotamedia.se\/index.php\/wp-json\/wp\/v2\/media?parent=23"}],"curies":[{"name":"wp","href":"https:\/\/api.w.org\/{rel}","templated":true}]}}