{"id":104,"date":"2025-02-06T13:20:22","date_gmt":"2025-02-06T13:20:22","guid":{"rendered":"https:\/\/kampanjer.gotamedia.se\/?page_id=104"},"modified":"2025-02-07T09:52:07","modified_gmt":"2025-02-07T09:52:07","slug":"anne","status":"publish","type":"page","link":"https:\/\/kampanjer.gotamedia.se\/gota-media-landingssida\/anne\/","title":{"rendered":"Uppt\u00e4ck magin p\u00e5 Bor\u00e5s Djurpark: Ett perfekt familje\u00e4ventyr"},"content":{"rendered":"\n<p><strong><strong>Letar du efter ett of\u00f6rgl\u00f6mligt familje\u00e4ventyr som kombinerar n\u00f6je, h\u00e5llbarhet och vilda djur? D\u00e5 beh\u00f6ver du inte leta l\u00e4ngre \u00e4n Bor\u00e5s Djurpark, Sveriges mest magiska djurpark, d\u00e4r varje bes\u00f6k bjuder p\u00e5 en unik upplevelse f\u00f6r hela familjen.<\/strong><\/strong><br><\/p>\n\n\n\n<figure class=\"wp-block-image size-full\"><img loading=\"lazy\" decoding=\"async\" width=\"700\" height=\"467\" src=\"https:\/\/kampanjer.gotamedia.se\/wp-content\/uploads\/2025\/02\/blobid2_1710929653102.jpg\" alt=\"\" class=\"wp-image-106\" srcset=\"https:\/\/kampanjer.gotamedia.se\/wp-content\/uploads\/2025\/02\/blobid2_1710929653102.jpg 700w, https:\/\/kampanjer.gotamedia.se\/wp-content\/uploads\/2025\/02\/blobid2_1710929653102-490x327.jpg 490w\" sizes=\"auto, (max-width: 700px) 100vw, 700px\" \/><\/figure>\n\n\n\n<p>\u2013 Det \u00e4r f\u00f6rsta g\u00e5ngen vi \u00e4r h\u00e4r. Man blir l\u00e4tt hemmablind och t\u00e4nker att man beh\u00f6ver \u00e5ka utomlands f\u00f6r att uppleva n\u00e5got unikt och komma n\u00e4ra vilda djur, s\u00e4ger Fatima Ljungdahl som bes\u00f6ker Bor\u00e5s Djurpark tillsammans med sin man Olof och barnen Kevin och Kassandra.<\/p>\n\n\n\n<p>Bor\u00e5s Djurpark \u00e4r l\u00e4tt att n\u00e5 med b\u00e5de bil och kollektivtrafik &#8211; en drygt en timme fr\u00e5n G\u00f6teborg central. H\u00e4r finns ocks\u00e5 en m\u00e4ngd olika boendealternativ f\u00f6r en l\u00e4ngre vistelse, inklusive camping, vandrarhem och t\u00e4lt.<\/p>\n\n\n\n<p>Familjen Ljungdahl \u00e4r fr\u00e5n J\u00f6nk\u00f6ping och bor bra tv\u00e5 timmar bort men valde trots det att stanna \u00f6ver natten p\u00e5 Wild Life Camp.<br>\u2013 Det var helt fantastiskt. Det k\u00e4ndes som ett storslaget \u00e4ventyr mitt bland Afrikas vilda djur! Man kom n\u00e4ra inp\u00e5 djuren. Vi var verkligen imponerade \u00f6ver hur proffsigt allting var. F\u00f6r att inte tala om hur mysigt boendet i det egna lotust\u00e4lt. Barnen var helt saliga!<br><a href=\"https:\/\/www.borasdjurpark.se\/\">L\u00e4s mer om Bor\u00e5s Djurpark h\u00e4r<\/a><br><\/p>\n\n\n\n<figure class=\"wp-block-image size-full\"><img loading=\"lazy\" decoding=\"async\" width=\"821\" height=\"562\" src=\"https:\/\/kampanjer.gotamedia.se\/wp-content\/uploads\/2025\/02\/blobid1_1663314833739.jpg\" alt=\"\" class=\"wp-image-109\" srcset=\"https:\/\/kampanjer.gotamedia.se\/wp-content\/uploads\/2025\/02\/blobid1_1663314833739.jpg 821w, https:\/\/kampanjer.gotamedia.se\/wp-content\/uploads\/2025\/02\/blobid1_1663314833739-490x335.jpg 490w, https:\/\/kampanjer.gotamedia.se\/wp-content\/uploads\/2025\/02\/blobid1_1663314833739-768x526.jpg 768w\" sizes=\"auto, (max-width: 821px) 100vw, 821px\" \/><\/figure>\n\n\n<div class=\"wp-block-nativblock-qoute\">\n  <div class=\"qoute-wrapper\">\n    <h2>\u201dI april b\u00f6rjar en helt ny s\u00e4song fylld med magiska djurm\u00f6ten\u201d<\/h2>\n  <\/div>\n<\/div>\n\n\n<p><br>Lisa Karlsson pluggar till veterin\u00e4r och s\u00e4songsarbetar p\u00e5 djurparken sedan gymnasiet. Hon och alla hennes l\u00e4ngtar efter s\u00e4songspremi\u00e4ren.<br><br>\u2013 Det ska bli riktigt kul efter att f\u00e5 \u00f6ppna parken igen f\u00f6r alla v\u00e5ra h\u00e4rliga g\u00e4ster igen. Den 16 april b\u00f6rjar en helt ny s\u00e4song fylld med magiska djurm\u00f6ten och massor av roliga aktiviteter, s\u00e4ger hon.<\/p>\n\n\n\n<p>Som blivande veterin\u00e4r brinner f\u00f6r Lisa biologisk m\u00e5ngfald och milj\u00f6arbete.<br>\u2013 Genom att bes\u00f6ka oss ger du inte bara din familj en underbar dag utan st\u00f6djer ocks\u00e5 viktiga bevarandeinsatser. Dagens stora kunskap om djurs och v\u00e4xters ekologi har gjort m\u00e5nga djurparker till centrum f\u00f6r biologisk m\u00e5ngfald och l\u00e4rande i stimulerande och underh\u00e5llande milj\u00f6er f\u00f6r s\u00e5v\u00e4l barn som vuxna.<br><\/p>\n\n\n\n<figure class=\"wp-block-image size-large\"><img loading=\"lazy\" decoding=\"async\" width=\"980\" height=\"654\" src=\"https:\/\/kampanjer.gotamedia.se\/wp-content\/uploads\/2025\/02\/istockphoto-1205489973-1024x1024-1-980x654.jpg\" alt=\"\" class=\"wp-image-112\" srcset=\"https:\/\/kampanjer.gotamedia.se\/wp-content\/uploads\/2025\/02\/istockphoto-1205489973-1024x1024-1-980x654.jpg 980w, https:\/\/kampanjer.gotamedia.se\/wp-content\/uploads\/2025\/02\/istockphoto-1205489973-1024x1024-1-490x327.jpg 490w, https:\/\/kampanjer.gotamedia.se\/wp-content\/uploads\/2025\/02\/istockphoto-1205489973-1024x1024-1-768x512.jpg 768w, https:\/\/kampanjer.gotamedia.se\/wp-content\/uploads\/2025\/02\/istockphoto-1205489973-1024x1024-1.jpg 1024w\" sizes=\"auto, (max-width: 980px) 100vw, 980px\" \/><figcaption class=\"wp-element-caption\">Weekend With Nature. Happy family watching and feeding young dappled deer with food while spending great time together in zoo. National Park. Animals<\/figcaption><\/figure>\n\n\n\n<p><a href=\"https:\/\/www.borasdjurpark.se\/\">L\u00e4s mer om Bor\u00e5s Djurpark h\u00e4r<\/a><\/p>\n\n\n\n<p><br><strong>Fem goda sk\u00e4l att bes\u00f6ka Bor\u00e5s Djurpark:<\/strong><\/p>\n\n\n\n<ol class=\"wp-block-list\">\n<li><strong>Uppf\u00f6dning av hotade arter<\/strong>: P\u00e5 Bor\u00e5s Djurpark bes\u00f6ker du inte bara en djurpark; du st\u00f6djer ocks\u00e5 viktiga bevarandeinsatser. V\u00e5rt dedikerade team arbetar outtr\u00f6ttligt med att f\u00f6da upp hotade arter, vilket bidrar till den globala biologiska m\u00e5ngfalden. Ditt bes\u00f6k hj\u00e4lper oss att forts\u00e4tta detta viktiga arbete.<\/li>\n\n\n\n<li><strong>Bakom kulisserna<\/strong>: Har du n\u00e5gonsin undrat hur en djurpark fungerar bakom kulisserna? F\u00f6lj med p\u00e5 v\u00e5ra exklusiva turer f\u00f6r att se hur vi tar hand om v\u00e5ra djur. Det \u00e4r en l\u00e4rorik upplevelse som b\u00e5de barn och vuxna kommer att uppskatta.<\/li>\n\n\n\n<li><strong>Se vilda djur utan flygskam<\/strong>: Upplev sp\u00e4nningen av att se vilda djur utan skulden av l\u00e5ngdistansflyg. P\u00e5 Bor\u00e5s Djurpark kan du bevittna majest\u00e4tiska varelser fr\u00e5n hela v\u00e4rlden, h\u00e4r i Sverige.<\/li>\n\n\n\n<li><strong>V\u00e5rens nyheter och program<\/strong>: I v\u00e5r introducerar vi sp\u00e4nnande nya program och attraktioner som lovar att gl\u00e4dja och utbilda. H\u00e5ll utkik efter v\u00e5ra specialevenemang anpassade f\u00f6r familjer.<\/li>\n\n\n\n<li><strong>Framtidens djurpark<\/strong>: Vi investerar 250 miljoner i tre nya attraktioner, vilket f\u00f6rb\u00e4ttrar din djurparksupplevelse och ger \u00e4nnu fler anledningar att bes\u00f6ka oss om och om igen.<\/li>\n<\/ol>\n\n\n<div class=\"wp-block-nativblock-fakta\">\n  <div class=\"facts-content\">\n  \n\n<h2 class=\"wp-block-heading\"><strong>Planera ditt bes\u00f6k redan idag<\/strong><\/h2>\n\n\n\n<p>Missa inte chansen att skapa of\u00f6rgl\u00f6mliga minnen med din familj p\u00e5 Bor\u00e5s Djurpark. Boka dina 1\u20132-dagarsbiljetter nu och f\u00f6rbered dig p\u00e5 en resa in i vildmarken som du och dina barn aldrig kommer att gl\u00f6mma. Detta ing\u00e5r i Wildlife Camp paketet:<\/p>\n\n\n\n<p>\u2022 Frukost p\u00e5 avf\u00e4rdsdagen.<\/p>\n\n\n\n<p>\u2022 Tv\u00e5 dagars intr\u00e4de till Bor\u00e5s Djurpark f\u00f6r hela s\u00e4llskapet.<\/p>\n\n\n\n<p>\u2022 En \u00f6vernattning i h\u00e4ftiga lotust\u00e4lt.<\/p>\n\n\n\n<p>\u2022 V\u00e4rd som g\u00f6r er s\u00e4llskap fr\u00e5n incheckning till utcheckning.<\/p>\n\n\n\n<p>\u2022 Kv\u00e4llsk\u00e4k i campet.<\/p>\n\n\n\n<p>\u2022 Exklusiv guidning i parken efter st\u00e4ngning.<\/p>\n\n\n\n<p>\u2022 Sp\u00e4nnande aktiviteter.<\/p>\n\n\n\n<p><br><a href=\"https:\/\/www.borasdjurpark.se\/wildlife-camp\/\">L\u00e4s mer om hur du bokar biljetter till familjens n\u00e4sta \u00e4ventyr h\u00e4r<br><\/a><\/p>\n\n  <\/div>\n<\/div>","protected":false},"excerpt":{"rendered":"<p>Letar du efter ett of\u00f6rgl\u00f6mligt familje\u00e4ventyr som kombinerar n\u00f6je, h\u00e5llbarhet och vilda djur? D\u00e5 beh\u00f6ver du inte leta l\u00e4ngre \u00e4n Bor\u00e5s Djurpark, Sveriges mest magiska djurpark, d\u00e4r varje bes\u00f6k bjuder p\u00e5 en unik upplevelse f\u00f6r hela familjen. \u2013 Det \u00e4r f\u00f6rsta g\u00e5ngen vi \u00e4r h\u00e4r. Man blir l\u00e4tt hemmablind och t\u00e4nker att man beh\u00f6ver \u00e5ka [&hellip;]<\/p>\n","protected":false},"author":3,"featured_media":0,"parent":56,"menu_order":0,"comment_status":"closed","ping_status":"closed","template":"","meta":{"_monsterinsights_skip_tracking":false,"_monsterinsights_sitenote_active":false,"_monsterinsights_sitenote_note":"","_monsterinsights_sitenote_category":0,"footnotes":""},"class_list":["post-104","page","type-page","status-publish","hentry"],"acf":[],"_links":{"self":[{"href":"https:\/\/kampanjer.gotamedia.se\/index.php\/wp-json\/wp\/v2\/pages\/104","targetHints":{"allow":["GET"]}}],"collection":[{"href":"https:\/\/kampanjer.gotamedia.se\/index.php\/wp-json\/wp\/v2\/pages"}],"about":[{"href":"https:\/\/kampanjer.gotamedia.se\/index.php\/wp-json\/wp\/v2\/types\/page"}],"author":[{"embeddable":true,"href":"https:\/\/kampanjer.gotamedia.se\/index.php\/wp-json\/wp\/v2\/users\/3"}],"replies":[{"embeddable":true,"href":"https:\/\/kampanjer.gotamedia.se\/index.php\/wp-json\/wp\/v2\/comments?post=104"}],"version-history":[{"count":0,"href":"https:\/\/kampanjer.gotamedia.se\/index.php\/wp-json\/wp\/v2\/pages\/104\/revisions"}],"up":[{"embeddable":true,"href":"https:\/\/kampanjer.gotamedia.se\/index.php\/wp-json\/wp\/v2\/pages\/56"}],"wp:attachment":[{"href":"https:\/\/kampanjer.gotamedia.se\/index.php\/wp-json\/wp\/v2\/media?parent=104"}],"curies":[{"name":"wp","href":"https:\/\/api.w.org\/{rel}","templated":true}]}}